{"id":1744,"date":"2020-09-18T21:27:01","date_gmt":"2020-09-18T21:27:01","guid":{"rendered":"http:\/\/wellness.otg.global\/?page_id=1744"},"modified":"2020-09-18T23:05:14","modified_gmt":"2020-09-18T23:05:14","slug":"documents","status":"publish","type":"page","link":"https:\/\/health.otg.global\/fr\/documents\/","title":{"rendered":"Documents"},"content":{"rendered":"<p>[vc_row css=\u00a0\u00bb.vc_custom_1600469092645{margin-bottom: 40px !important;}\u00a0\u00bb][vc_column][vc_custom_heading text=\u00a0\u00bbPDF Documents\u00a0\u00bb font_container=\u00a0\u00bbtag:h3|text_align:left\u00a0\u00bb use_theme_fonts=\u00a0\u00bbyes\u00a0\u00bb][\/vc_column][\/vc_row][vc_row css=\u00a0\u00bb.vc_custom_1600469100814{margin-top: 30px !important;margin-bottom: 40px !important;}\u00a0\u00bb][vc_column width=\u00a0\u00bb1\/3&Prime;][vc_single_image image=\u00a0\u00bb1016&Prime; img_size=\u00a0\u00bbfull\u00a0\u00bb onclick=\u00a0\u00bbcustom_link\u00a0\u00bb img_link_target=\u00a0\u00bb_blank\u00a0\u00bb link=\u00a0\u00bbhttp:\/\/wellness.otg.global\/wp-content\/uploads\/2020\/08\/1-ALL-TOGETHER-wellness-more-info-FR.pdf\u00a0\u00bb][\/vc_column][vc_column width=\u00a0\u00bb2\/3&Prime;][vc_column_text]Nous sommes tr\u00e8s heureux de vous pr\u00e9senter cette section de Documents o\u00f9 vous trouverez divers fichiers PDF sur les produits Pharmanex. Ils pourront\u00a0vous aider et vous guider dans votre business.<br \/>\nNous esp\u00e9rons qu&rsquo;ils vous seront utiles et que vous en profiterez ![\/vc_column_text][\/vc_column][\/vc_row][vc_row css=\u00a0\u00bb.vc_custom_1600469119792{margin-top: 60px !important;margin-bottom: 50px !important;}\u00a0\u00bb][vc_column][vc_custom_heading text=\u00a0\u00bbPDF par Produits\u00a0\u00bb font_container=\u00a0\u00bbtag:h3|text_align:left\u00a0\u00bb use_theme_fonts=\u00a0\u00bbyes\u00a0\u00bb][\/vc_column][\/vc_row]<\/p>\n","protected":false},"excerpt":{"rendered":"<p>[vc_row css=\u00a0\u00bb.vc_custom_1600469092645{margin-bottom: 40px !important;}\u00a0\u00bb][vc_column][vc_custom_heading text=\u00a0\u00bbPDF Documents\u00a0\u00bb font_container=\u00a0\u00bbtag:h3|text_align:left\u00a0\u00bb use_theme_fonts=\u00a0\u00bbyes\u00a0\u00bb][\/vc_column][\/vc_row][vc_row css=\u00a0\u00bb.vc_custom_1600469100814{margin-top: 30px !important;margin-bottom: 40px !important;}\u00a0\u00bb][vc_column width=\u00a0\u00bb1\/3&Prime;][vc_single_image image=\u00a0\u00bb1016&Prime; img_size=\u00a0\u00bbfull\u00a0\u00bb onclick=\u00a0\u00bbcustom_link\u00a0\u00bb img_link_target=\u00a0\u00bb_blank\u00a0\u00bb link=\u00a0\u00bbhttp:\/\/wellness.otg.global\/wp-content\/uploads\/2020\/08\/1-ALL-TOGETHER-wellness-more-info-FR.pdf\u00a0\u00bb][\/vc_column][vc_column width=\u00a0\u00bb2\/3&Prime;][vc_column_text]Nous sommes tr\u00e8s heureux de vous pr\u00e9senter cette section de Documents o\u00f9 vous trouverez divers fichiers PDF sur les produits Pharmanex. Ils pourront\u00a0vous aider et vous guider dans votre business. Nous esp\u00e9rons qu&rsquo;ils vous seront utiles [&hellip;]<\/p>\n","protected":false},"author":1,"featured_media":0,"parent":0,"menu_order":0,"comment_status":"closed","ping_status":"closed","template":"page-pdf.php","meta":[],"yoast_head":"<!-- This site is optimized with the Yoast SEO plugin v19.4 - https:\/\/yoast.com\/wordpress\/plugins\/seo\/ -->\n<title>Documents - Wellness OTG<\/title>\n<meta name=\"robots\" content=\"index, follow, max-snippet:-1, max-image-preview:large, max-video-preview:-1\" \/>\n<link rel=\"canonical\" href=\"https:\/\/health.otg.global\/fr\/documents\/\" \/>\n<meta property=\"og:locale\" content=\"fr_FR\" \/>\n<meta property=\"og:type\" content=\"article\" \/>\n<meta property=\"og:title\" content=\"Documents - Wellness OTG\" \/>\n<meta property=\"og:description\" content=\"[vc_row css=\u00a0\u00bb.vc_custom_1600469092645{margin-bottom: 40px !important;}\u00a0\u00bb][vc_column][vc_custom_heading text=\u00a0\u00bbPDF Documents\u00a0\u00bb font_container=\u00a0\u00bbtag:h3|text_align:left\u00a0\u00bb use_theme_fonts=\u00a0\u00bbyes\u00a0\u00bb][\/vc_column][\/vc_row][vc_row css=\u00a0\u00bb.vc_custom_1600469100814{margin-top: 30px !important;margin-bottom: 40px !important;}\u00a0\u00bb][vc_column width=\u00a0\u00bb1\/3&Prime;][vc_single_image image=\u00a0\u00bb1016&Prime; img_size=\u00a0\u00bbfull\u00a0\u00bb onclick=\u00a0\u00bbcustom_link\u00a0\u00bb img_link_target=\u00a0\u00bb_blank\u00a0\u00bb link=\u00a0\u00bbhttp:\/\/wellness.otg.global\/wp-content\/uploads\/2020\/08\/1-ALL-TOGETHER-wellness-more-info-FR.pdf\u00a0\u00bb][\/vc_column][vc_column width=\u00a0\u00bb2\/3&Prime;][vc_column_text]Nous sommes tr\u00e8s heureux de vous pr\u00e9senter cette section de Documents o\u00f9 vous trouverez divers fichiers PDF sur les produits Pharmanex. Ils pourront\u00a0vous aider et vous guider dans votre business. Nous esp\u00e9rons qu&rsquo;ils vous seront utiles [&hellip;]\" \/>\n<meta property=\"og:url\" content=\"https:\/\/health.otg.global\/fr\/documents\/\" \/>\n<meta property=\"og:site_name\" content=\"Wellness OTG\" \/>\n<meta property=\"article:modified_time\" content=\"2020-09-18T23:05:14+00:00\" \/>\n<meta property=\"og:image\" content=\"https:\/\/health.otg.global\/wp-content\/uploads\/2020\/09\/fb-otg-logo-wellness.jpg\" \/>\n\t<meta property=\"og:image:width\" content=\"540\" \/>\n\t<meta property=\"og:image:height\" content=\"284\" \/>\n\t<meta property=\"og:image:type\" content=\"image\/jpeg\" \/>\n<meta name=\"twitter:card\" content=\"summary_large_image\" \/>\n<meta name=\"twitter:label1\" content=\"Dur\u00e9e de lecture estim\u00e9e\" \/>\n\t<meta name=\"twitter:data1\" content=\"1 minute\" \/>\n<script type=\"application\/ld+json\" class=\"yoast-schema-graph\">{\"@context\":\"https:\/\/schema.org\",\"@graph\":[{\"@type\":\"WebSite\",\"@id\":\"http:\/\/34.235.57.152\/#website\",\"url\":\"http:\/\/34.235.57.152\/\",\"name\":\"Wellness OTG\",\"description\":\"\",\"potentialAction\":[{\"@type\":\"SearchAction\",\"target\":{\"@type\":\"EntryPoint\",\"urlTemplate\":\"http:\/\/34.235.57.152\/?s={search_term_string}\"},\"query-input\":\"required name=search_term_string\"}],\"inLanguage\":\"fr-FR\"},{\"@type\":\"WebPage\",\"@id\":\"https:\/\/health.otg.global\/fr\/documents\/\",\"url\":\"https:\/\/health.otg.global\/fr\/documents\/\",\"name\":\"Documents - Wellness OTG\",\"isPartOf\":{\"@id\":\"http:\/\/34.235.57.152\/#website\"},\"datePublished\":\"2020-09-18T21:27:01+00:00\",\"dateModified\":\"2020-09-18T23:05:14+00:00\",\"breadcrumb\":{\"@id\":\"https:\/\/health.otg.global\/fr\/documents\/#breadcrumb\"},\"inLanguage\":\"fr-FR\",\"potentialAction\":[{\"@type\":\"ReadAction\",\"target\":[\"https:\/\/health.otg.global\/fr\/documents\/\"]}]},{\"@type\":\"BreadcrumbList\",\"@id\":\"https:\/\/health.otg.global\/fr\/documents\/#breadcrumb\",\"itemListElement\":[{\"@type\":\"ListItem\",\"position\":1,\"name\":\"Home\",\"item\":\"https:\/\/wellness.otg.global\/fr\/\"},{\"@type\":\"ListItem\",\"position\":2,\"name\":\"Documents\"}]}]}<\/script>\n<!-- \/ Yoast SEO plugin. -->","yoast_head_json":{"title":"Documents - Wellness OTG","robots":{"index":"index","follow":"follow","max-snippet":"max-snippet:-1","max-image-preview":"max-image-preview:large","max-video-preview":"max-video-preview:-1"},"canonical":"https:\/\/health.otg.global\/fr\/documents\/","og_locale":"fr_FR","og_type":"article","og_title":"Documents - Wellness OTG","og_description":"[vc_row css=\u00a0\u00bb.vc_custom_1600469092645{margin-bottom: 40px !important;}\u00a0\u00bb][vc_column][vc_custom_heading text=\u00a0\u00bbPDF Documents\u00a0\u00bb font_container=\u00a0\u00bbtag:h3|text_align:left\u00a0\u00bb use_theme_fonts=\u00a0\u00bbyes\u00a0\u00bb][\/vc_column][\/vc_row][vc_row css=\u00a0\u00bb.vc_custom_1600469100814{margin-top: 30px !important;margin-bottom: 40px !important;}\u00a0\u00bb][vc_column width=\u00a0\u00bb1\/3&Prime;][vc_single_image image=\u00a0\u00bb1016&Prime; img_size=\u00a0\u00bbfull\u00a0\u00bb onclick=\u00a0\u00bbcustom_link\u00a0\u00bb img_link_target=\u00a0\u00bb_blank\u00a0\u00bb link=\u00a0\u00bbhttp:\/\/wellness.otg.global\/wp-content\/uploads\/2020\/08\/1-ALL-TOGETHER-wellness-more-info-FR.pdf\u00a0\u00bb][\/vc_column][vc_column width=\u00a0\u00bb2\/3&Prime;][vc_column_text]Nous sommes tr\u00e8s heureux de vous pr\u00e9senter cette section de Documents o\u00f9 vous trouverez divers fichiers PDF sur les produits Pharmanex. Ils pourront\u00a0vous aider et vous guider dans votre business. Nous esp\u00e9rons qu&rsquo;ils vous seront utiles [&hellip;]","og_url":"https:\/\/health.otg.global\/fr\/documents\/","og_site_name":"Wellness OTG","article_modified_time":"2020-09-18T23:05:14+00:00","og_image":[{"width":540,"height":284,"url":"https:\/\/health.otg.global\/wp-content\/uploads\/2020\/09\/fb-otg-logo-wellness.jpg","type":"image\/jpeg"}],"twitter_card":"summary_large_image","twitter_misc":{"Dur\u00e9e de lecture estim\u00e9e":"1 minute"},"schema":{"@context":"https:\/\/schema.org","@graph":[{"@type":"WebSite","@id":"http:\/\/34.235.57.152\/#website","url":"http:\/\/34.235.57.152\/","name":"Wellness OTG","description":"","potentialAction":[{"@type":"SearchAction","target":{"@type":"EntryPoint","urlTemplate":"http:\/\/34.235.57.152\/?s={search_term_string}"},"query-input":"required name=search_term_string"}],"inLanguage":"fr-FR"},{"@type":"WebPage","@id":"https:\/\/health.otg.global\/fr\/documents\/","url":"https:\/\/health.otg.global\/fr\/documents\/","name":"Documents - Wellness OTG","isPartOf":{"@id":"http:\/\/34.235.57.152\/#website"},"datePublished":"2020-09-18T21:27:01+00:00","dateModified":"2020-09-18T23:05:14+00:00","breadcrumb":{"@id":"https:\/\/health.otg.global\/fr\/documents\/#breadcrumb"},"inLanguage":"fr-FR","potentialAction":[{"@type":"ReadAction","target":["https:\/\/health.otg.global\/fr\/documents\/"]}]},{"@type":"BreadcrumbList","@id":"https:\/\/health.otg.global\/fr\/documents\/#breadcrumb","itemListElement":[{"@type":"ListItem","position":1,"name":"Home","item":"https:\/\/wellness.otg.global\/fr\/"},{"@type":"ListItem","position":2,"name":"Documents"}]}]}},"_links":{"self":[{"href":"https:\/\/health.otg.global\/fr\/wp-json\/wp\/v2\/pages\/1744"}],"collection":[{"href":"https:\/\/health.otg.global\/fr\/wp-json\/wp\/v2\/pages"}],"about":[{"href":"https:\/\/health.otg.global\/fr\/wp-json\/wp\/v2\/types\/page"}],"author":[{"embeddable":true,"href":"https:\/\/health.otg.global\/fr\/wp-json\/wp\/v2\/users\/1"}],"replies":[{"embeddable":true,"href":"https:\/\/health.otg.global\/fr\/wp-json\/wp\/v2\/comments?post=1744"}],"version-history":[{"count":14,"href":"https:\/\/health.otg.global\/fr\/wp-json\/wp\/v2\/pages\/1744\/revisions"}],"predecessor-version":[{"id":1769,"href":"https:\/\/health.otg.global\/fr\/wp-json\/wp\/v2\/pages\/1744\/revisions\/1769"}],"wp:attachment":[{"href":"https:\/\/health.otg.global\/fr\/wp-json\/wp\/v2\/media?parent=1744"}],"curies":[{"name":"wp","href":"https:\/\/api.w.org\/{rel}","templated":true}]}}