{"id":1163,"date":"2020-07-16T22:55:23","date_gmt":"2020-07-16T22:55:23","guid":{"rendered":"http:\/\/wellness.otg.global\/s3biophotonic-scanner\/"},"modified":"2020-09-01T08:57:00","modified_gmt":"2020-09-01T08:57:00","slug":"s3biophotonic-scanner","status":"publish","type":"page","link":"https:\/\/health.otg.global\/fr\/s3biophotonic-scanner\/","title":{"rendered":"Le BioPhotonic Scanner S3"},"content":{"rendered":"<p>[vc_row css=\u00a0\u00bb.vc_custom_1595604797809{margin-bottom: 25px !important;}\u00a0\u00bb][vc_column][vc_custom_heading text=\u00a0\u00bbQu\u2019est-ce que le BioPhotonic Scanner ?\u00a0\u00bb font_container=\u00a0\u00bbtag:h3|text_align:left\u00a0\u00bb use_theme_fonts=\u00a0\u00bbyes\u00a0\u00bb][\/vc_column][\/vc_row][vc_row css=\u00a0\u00bb.vc_custom_1597073493195{margin-bottom: 30px !important;}\u00a0\u00bb][vc_column width=\u00a0\u00bb2\/3&Prime; css=\u00a0\u00bb.vc_custom_1597072955233{margin-top: 25px !important;}\u00a0\u00bb][vc_column_text]Le <strong>BioPhotonic Scanner de Pharmanex<\/strong> est un outil unique servant \u00e0 mesurer les niveaux de carot\u00e9no\u00efdes dans les tissus cutan\u00e9s de mani\u00e8re non invasive \u00e0 l&rsquo;aide de la science corrobor\u00e9e de la spectroscopie de Raman. Placez simplement la paume de votre main devant le faisceau lumineux bleu \u00e0 faible \u00e9nergie du Scanner, et apr\u00e8s quelques secondes, vous conna\u00eetrez votre Score de carot\u00e9no\u00efdes cutan\u00e9s (Score SCS).<\/p>\n<p>&nbsp;<\/p>\n<p>Les carot\u00e9no\u00efdes sont des pigments organiques que l&rsquo;on retrouve dans les fruits et l\u00e9gumes et qui sont principalement responsables de leurs couleurs rouge, orange et jaune. Plus vous mangerez de fruits et l\u00e9gumes color\u00e9s, plus vous absorberez de carot\u00e9no\u00efdes dans votre organisme, et plus votre Score de carot\u00e9no\u00efdes cutan\u00e9s sera \u00e9lev\u00e9.[\/vc_column_text][\/vc_column][vc_column width=\u00a0\u00bb1\/3&Prime;][vc_single_image image=\u00a0\u00bb630&Prime; img_size=\u00a0\u00bb240&#215;237&Prime; alignment=\u00a0\u00bbcenter\u00a0\u00bb][\/vc_column][\/vc_row][vc_row css=\u00a0\u00bb.vc_custom_1595604896278{margin-bottom: 75px !important;}\u00a0\u00bb][vc_column width=\u00a0\u00bb1\/2&Prime; css=\u00a0\u00bb.vc_custom_1596802802974{margin-top: 20px !important;}\u00a0\u00bb][vc_video link=\u00a0\u00bbhttps:\/\/youtu.be\/osDt76W6uEs\u00a0\u00bb][vc_column_text]<\/p>\n<p class=\"title style-scope ytd-video-primary-info-renderer\"><strong>Pr\u00e9sentation du Pharmanex S3 bioPhotonic Scanner (sous-titr\u00e9e)<\/strong><\/p>\n<p>[\/vc_column_text][\/vc_column][vc_column width=\u00a0\u00bb1\/2&Prime;][\/vc_column][\/vc_row]<\/p>\n","protected":false},"excerpt":{"rendered":"<p>[vc_row css=\u00a0\u00bb.vc_custom_1595604797809{margin-bottom: 25px !important;}\u00a0\u00bb][vc_column][vc_custom_heading text=\u00a0\u00bbQu\u2019est-ce que le BioPhotonic Scanner ?\u00a0\u00bb font_container=\u00a0\u00bbtag:h3|text_align:left\u00a0\u00bb use_theme_fonts=\u00a0\u00bbyes\u00a0\u00bb][\/vc_column][\/vc_row][vc_row css=\u00a0\u00bb.vc_custom_1597073493195{margin-bottom: 30px !important;}\u00a0\u00bb][vc_column width=\u00a0\u00bb2\/3&Prime; css=\u00a0\u00bb.vc_custom_1597072955233{margin-top: 25px !important;}\u00a0\u00bb][vc_column_text]Le BioPhotonic Scanner de Pharmanex est un outil unique servant \u00e0 mesurer les niveaux de carot\u00e9no\u00efdes dans les tissus cutan\u00e9s de mani\u00e8re non invasive \u00e0 l&rsquo;aide de la science corrobor\u00e9e de la spectroscopie de Raman. Placez simplement [&hellip;]<\/p>\n","protected":false},"author":1,"featured_media":0,"parent":0,"menu_order":0,"comment_status":"closed","ping_status":"closed","template":"page-notitle.php","meta":[],"yoast_head":"<!-- This site is optimized with the Yoast SEO plugin v19.4 - https:\/\/yoast.com\/wordpress\/plugins\/seo\/ -->\n<title>Le BioPhotonic Scanner S3 - Wellness OTG<\/title>\n<meta name=\"robots\" content=\"index, follow, max-snippet:-1, max-image-preview:large, max-video-preview:-1\" \/>\n<link rel=\"canonical\" href=\"https:\/\/health.otg.global\/fr\/s3biophotonic-scanner\/\" \/>\n<meta property=\"og:locale\" content=\"fr_FR\" \/>\n<meta property=\"og:type\" content=\"article\" \/>\n<meta property=\"og:title\" content=\"Le BioPhotonic Scanner S3 - Wellness OTG\" \/>\n<meta property=\"og:description\" content=\"[vc_row css=\u00a0\u00bb.vc_custom_1595604797809{margin-bottom: 25px !important;}\u00a0\u00bb][vc_column][vc_custom_heading text=\u00a0\u00bbQu\u2019est-ce que le BioPhotonic Scanner ?\u00a0\u00bb font_container=\u00a0\u00bbtag:h3|text_align:left\u00a0\u00bb use_theme_fonts=\u00a0\u00bbyes\u00a0\u00bb][\/vc_column][\/vc_row][vc_row css=\u00a0\u00bb.vc_custom_1597073493195{margin-bottom: 30px !important;}\u00a0\u00bb][vc_column width=\u00a0\u00bb2\/3&Prime; css=\u00a0\u00bb.vc_custom_1597072955233{margin-top: 25px !important;}\u00a0\u00bb][vc_column_text]Le BioPhotonic Scanner de Pharmanex est un outil unique servant \u00e0 mesurer les niveaux de carot\u00e9no\u00efdes dans les tissus cutan\u00e9s de mani\u00e8re non invasive \u00e0 l&rsquo;aide de la science corrobor\u00e9e de la spectroscopie de Raman. Placez simplement [&hellip;]\" \/>\n<meta property=\"og:url\" content=\"https:\/\/health.otg.global\/fr\/s3biophotonic-scanner\/\" \/>\n<meta property=\"og:site_name\" content=\"Wellness OTG\" \/>\n<meta property=\"article:modified_time\" content=\"2020-09-01T08:57:00+00:00\" \/>\n<meta property=\"og:image\" content=\"https:\/\/health.otg.global\/wp-content\/uploads\/2020\/09\/fb-otg-logo-wellness.jpg\" \/>\n\t<meta property=\"og:image:width\" content=\"540\" \/>\n\t<meta property=\"og:image:height\" content=\"284\" \/>\n\t<meta property=\"og:image:type\" content=\"image\/jpeg\" \/>\n<meta name=\"twitter:card\" content=\"summary_large_image\" \/>\n<meta name=\"twitter:label1\" content=\"Dur\u00e9e de lecture estim\u00e9e\" \/>\n\t<meta name=\"twitter:data1\" content=\"1 minute\" \/>\n<script type=\"application\/ld+json\" class=\"yoast-schema-graph\">{\"@context\":\"https:\/\/schema.org\",\"@graph\":[{\"@type\":\"WebSite\",\"@id\":\"http:\/\/34.235.57.152\/#website\",\"url\":\"http:\/\/34.235.57.152\/\",\"name\":\"Wellness OTG\",\"description\":\"\",\"potentialAction\":[{\"@type\":\"SearchAction\",\"target\":{\"@type\":\"EntryPoint\",\"urlTemplate\":\"http:\/\/34.235.57.152\/?s={search_term_string}\"},\"query-input\":\"required name=search_term_string\"}],\"inLanguage\":\"fr-FR\"},{\"@type\":\"WebPage\",\"@id\":\"https:\/\/health.otg.global\/fr\/s3biophotonic-scanner\/\",\"url\":\"https:\/\/health.otg.global\/fr\/s3biophotonic-scanner\/\",\"name\":\"Le BioPhotonic Scanner S3 - Wellness OTG\",\"isPartOf\":{\"@id\":\"http:\/\/34.235.57.152\/#website\"},\"datePublished\":\"2020-07-16T22:55:23+00:00\",\"dateModified\":\"2020-09-01T08:57:00+00:00\",\"breadcrumb\":{\"@id\":\"https:\/\/health.otg.global\/fr\/s3biophotonic-scanner\/#breadcrumb\"},\"inLanguage\":\"fr-FR\",\"potentialAction\":[{\"@type\":\"ReadAction\",\"target\":[\"https:\/\/health.otg.global\/fr\/s3biophotonic-scanner\/\"]}]},{\"@type\":\"BreadcrumbList\",\"@id\":\"https:\/\/health.otg.global\/fr\/s3biophotonic-scanner\/#breadcrumb\",\"itemListElement\":[{\"@type\":\"ListItem\",\"position\":1,\"name\":\"Home\",\"item\":\"https:\/\/wellness.otg.global\/fr\/\"},{\"@type\":\"ListItem\",\"position\":2,\"name\":\"Le BioPhotonic Scanner S3\"}]}]}<\/script>\n<!-- \/ Yoast SEO plugin. -->","yoast_head_json":{"title":"Le BioPhotonic Scanner S3 - Wellness OTG","robots":{"index":"index","follow":"follow","max-snippet":"max-snippet:-1","max-image-preview":"max-image-preview:large","max-video-preview":"max-video-preview:-1"},"canonical":"https:\/\/health.otg.global\/fr\/s3biophotonic-scanner\/","og_locale":"fr_FR","og_type":"article","og_title":"Le BioPhotonic Scanner S3 - Wellness OTG","og_description":"[vc_row css=\u00a0\u00bb.vc_custom_1595604797809{margin-bottom: 25px !important;}\u00a0\u00bb][vc_column][vc_custom_heading text=\u00a0\u00bbQu\u2019est-ce que le BioPhotonic Scanner ?\u00a0\u00bb font_container=\u00a0\u00bbtag:h3|text_align:left\u00a0\u00bb use_theme_fonts=\u00a0\u00bbyes\u00a0\u00bb][\/vc_column][\/vc_row][vc_row css=\u00a0\u00bb.vc_custom_1597073493195{margin-bottom: 30px !important;}\u00a0\u00bb][vc_column width=\u00a0\u00bb2\/3&Prime; css=\u00a0\u00bb.vc_custom_1597072955233{margin-top: 25px !important;}\u00a0\u00bb][vc_column_text]Le BioPhotonic Scanner de Pharmanex est un outil unique servant \u00e0 mesurer les niveaux de carot\u00e9no\u00efdes dans les tissus cutan\u00e9s de mani\u00e8re non invasive \u00e0 l&rsquo;aide de la science corrobor\u00e9e de la spectroscopie de Raman. Placez simplement [&hellip;]","og_url":"https:\/\/health.otg.global\/fr\/s3biophotonic-scanner\/","og_site_name":"Wellness OTG","article_modified_time":"2020-09-01T08:57:00+00:00","og_image":[{"width":540,"height":284,"url":"https:\/\/health.otg.global\/wp-content\/uploads\/2020\/09\/fb-otg-logo-wellness.jpg","type":"image\/jpeg"}],"twitter_card":"summary_large_image","twitter_misc":{"Dur\u00e9e de lecture estim\u00e9e":"1 minute"},"schema":{"@context":"https:\/\/schema.org","@graph":[{"@type":"WebSite","@id":"http:\/\/34.235.57.152\/#website","url":"http:\/\/34.235.57.152\/","name":"Wellness OTG","description":"","potentialAction":[{"@type":"SearchAction","target":{"@type":"EntryPoint","urlTemplate":"http:\/\/34.235.57.152\/?s={search_term_string}"},"query-input":"required name=search_term_string"}],"inLanguage":"fr-FR"},{"@type":"WebPage","@id":"https:\/\/health.otg.global\/fr\/s3biophotonic-scanner\/","url":"https:\/\/health.otg.global\/fr\/s3biophotonic-scanner\/","name":"Le BioPhotonic Scanner S3 - Wellness OTG","isPartOf":{"@id":"http:\/\/34.235.57.152\/#website"},"datePublished":"2020-07-16T22:55:23+00:00","dateModified":"2020-09-01T08:57:00+00:00","breadcrumb":{"@id":"https:\/\/health.otg.global\/fr\/s3biophotonic-scanner\/#breadcrumb"},"inLanguage":"fr-FR","potentialAction":[{"@type":"ReadAction","target":["https:\/\/health.otg.global\/fr\/s3biophotonic-scanner\/"]}]},{"@type":"BreadcrumbList","@id":"https:\/\/health.otg.global\/fr\/s3biophotonic-scanner\/#breadcrumb","itemListElement":[{"@type":"ListItem","position":1,"name":"Home","item":"https:\/\/wellness.otg.global\/fr\/"},{"@type":"ListItem","position":2,"name":"Le BioPhotonic Scanner S3"}]}]}},"_links":{"self":[{"href":"https:\/\/health.otg.global\/fr\/wp-json\/wp\/v2\/pages\/1163"}],"collection":[{"href":"https:\/\/health.otg.global\/fr\/wp-json\/wp\/v2\/pages"}],"about":[{"href":"https:\/\/health.otg.global\/fr\/wp-json\/wp\/v2\/types\/page"}],"author":[{"embeddable":true,"href":"https:\/\/health.otg.global\/fr\/wp-json\/wp\/v2\/users\/1"}],"replies":[{"embeddable":true,"href":"https:\/\/health.otg.global\/fr\/wp-json\/wp\/v2\/comments?post=1163"}],"version-history":[{"count":4,"href":"https:\/\/health.otg.global\/fr\/wp-json\/wp\/v2\/pages\/1163\/revisions"}],"predecessor-version":[{"id":1611,"href":"https:\/\/health.otg.global\/fr\/wp-json\/wp\/v2\/pages\/1163\/revisions\/1611"}],"wp:attachment":[{"href":"https:\/\/health.otg.global\/fr\/wp-json\/wp\/v2\/media?parent=1163"}],"curies":[{"name":"wp","href":"https:\/\/api.w.org\/{rel}","templated":true}]}}