{"id":1143,"date":"2020-07-24T16:15:55","date_gmt":"2020-07-24T16:15:55","guid":{"rendered":"http:\/\/wellness.otg.global\/learn-about-pharmanex\/"},"modified":"2020-09-01T09:02:48","modified_gmt":"2020-09-01T09:02:48","slug":"learn-about-pharmanex","status":"publish","type":"page","link":"https:\/\/health.otg.global\/fr\/learn-about-pharmanex\/","title":{"rendered":"En savoir plus sur Pharmanex"},"content":{"rendered":"<p>[vc_row][vc_column][vc_custom_heading text=\u00a0\u00bbLA DIFF\u00c9RENCE PHARMANEX\u00a0\u00bb font_container=\u00a0\u00bbtag:h3|text_align:left\u00a0\u00bb use_theme_fonts=\u00a0\u00bbyes\u00a0\u00bb css=\u00a0\u00bb.vc_custom_1598891272096{margin-bottom: 15px !important;}\u00a0\u00bb][\/vc_column][\/vc_row][vc_row css=\u00a0\u00bb.vc_custom_1595604797809{margin-bottom: 25px !important;}\u00a0\u00bb][vc_column width=\u00a0\u00bb2\/3&Prime;][vc_column_text]<\/p>\n<h4>Pharmanex\u00ae \u2013 un autre type de soci\u00e9t\u00e9 de sant\u00e9 naturelle<\/h4>\n<p>[\/vc_column_text][\/vc_column][vc_column width=\u00a0\u00bb1\/3&Prime;][vc_single_image image=\u00a0\u00bb729&Prime; img_size=\u00a0\u00bbmedium\u00a0\u00bb alignment=\u00a0\u00bbcenter\u00a0\u00bb][\/vc_column][\/vc_row][vc_row css=\u00a0\u00bb.vc_custom_1595604896278{margin-bottom: 75px !important;}\u00a0\u00bb][vc_column][vc_column_text]La diff\u00e9rence est claire : Pharmanex\u00ae fixe les normes d\u2019int\u00e9grit\u00e9 scientifique du secteur. Les scientifiques de Pharmanex\u00ae examinent les processus naturels normaux se d\u00e9roulant dans notre organisme et d\u00e9terminent comment les compl\u00e9ments alimentaires peuvent am\u00e9liorer ces fonctions. Apr\u00e8s examen de ces facteurs, seules les substances connues pour leur innocuit\u00e9 et leur efficacit\u00e9 sur la sant\u00e9 seront retenues pour l\u2019\u00e9tape de d\u00e9veloppement qui suit.<\/p>\n<p>&nbsp;<\/p>\n<p style=\"text-align: left;\">Une fois s\u00e9lectionn\u00e9s, tous les ingr\u00e9dients Pharmanex\u00ae sont soumis \u00e0 une analyse scientifique rigoureuse connue sous le nom des 6 r\u00e8gles d&rsquo;or. Ce proc\u00e9d\u00e9 de fabrication brevet\u00e9 \u2013 bas\u00e9 sur la s\u00e9lection, la source, la structure, la normalisation, l&rsquo;innocuit\u00e9, et la d\u00e9monstration \u2013 permet \u00e0 Pharmanex\u00ae d&rsquo;\u00eatre un leader du point de vue de la qualit\u00e9 et de l&rsquo;efficacit\u00e9. La soci\u00e9t\u00e9 respecte syst\u00e9matiquement, voire d\u00e9passe les normes des bonnes pratiques de fabrication (BPF) \u00e9tablies par la FDA (Food and Drug Administration) pour cette cat\u00e9gorie de produits.<\/p>\n<p>&nbsp;<\/p>\n<p style=\"text-align: left;\">Aujourd&rsquo;hui, plus de 75 scientifiques font partie de l\u2019\u00e9quipe de recherche et de d\u00e9veloppement de Pharmanex\u00ae. Ces scientifiques examinent les essais cliniques et scientifiques publi\u00e9s pour identifier les plantes qui pourraient avoir des propri\u00e9t\u00e9s favorables \u00e0 la sant\u00e9.<\/p>\n<p>&nbsp;<\/p>\n<p style=\"text-align: left;\">La marque Pharmanex\u00ae de compl\u00e9ments alimentaires \u00e9labor\u00e9s sur des bases scientifiques est une division de Nu Skin Enterprises, une soci\u00e9t\u00e9 de vente directe internationale op\u00e9rant sur 48 march\u00e9s \u00e0 travers l&rsquo;Asie, les Am\u00e9riques et l&rsquo;Europe.<\/p>\n<p>[\/vc_column_text][\/vc_column][\/vc_row][vc_row css=\u00a0\u00bb.vc_custom_1595608347860{margin-bottom: 50px !important;}\u00a0\u00bb][vc_column width=\u00a0\u00bb1\/2&Prime;][vc_video link=\u00a0\u00bbhttps:\/\/youtu.be\/xZBL6XZRA2w\u00a0\u00bb][vc_column_text]<\/p>\n<p class=\"title style-scope ytd-video-primary-info-renderer\" style=\"text-align: left;\"><strong>Qu&rsquo;est-ce que le stress oxydatif ? Tanner Gibb vous r\u00e9pond | Pharmanex (sous-titr\u00e9e FR)<\/strong><\/p>\n<p>[\/vc_column_text][\/vc_column][vc_column width=\u00a0\u00bb1\/2&Prime;][vc_video link=\u00a0\u00bbhttps:\/\/youtu.be\/JvbAIy8BIsI\u00a0\u00bb][vc_column_text]<\/p>\n<p class=\"title style-scope ytd-video-primary-info-renderer\" style=\"text-align: left;\"><strong>D&rsquo;o\u00f9 viennent les antioxydants ? Tanner Gibb vous r\u00e9pond | Pharmanex (sous-titr\u00e9e FR)<\/strong><\/p>\n<p>[\/vc_column_text][\/vc_column][\/vc_row][vc_row css=\u00a0\u00bb.vc_custom_1595608357065{margin-bottom: 50px !important;}\u00a0\u00bb][vc_column width=\u00a0\u00bb1\/2&Prime;][vc_video link=\u00a0\u00bbhttps:\/\/youtu.be\/MILHt_0YzHo\u00a0\u00bb][vc_column_text]<strong>Qu&rsquo;est-ce qu&rsquo;un antioxydant ? Tanner Gibb vous r\u00e9pond | Pharmanex (sous-titr\u00e9e FR)<\/strong>[\/vc_column_text][\/vc_column][vc_column width=\u00a0\u00bb1\/2&Prime;][vc_video link=\u00a0\u00bbhttps:\/\/youtu.be\/ync26ZmQEg4&Prime;][vc_column_text]<\/p>\n<p class=\"title style-scope ytd-video-primary-info-renderer\" style=\"text-align: left;\"><strong>Perte d&rsquo;\u00e9nergie et vieillissement ? Tanner Gibb vous r\u00e9pond | Pharmanex (sous-titr\u00e9e FR)<\/strong><\/p>\n<p>[\/vc_column_text][\/vc_column][\/vc_row]<\/p>\n","protected":false},"excerpt":{"rendered":"<p>[vc_row][vc_column][vc_custom_heading text=\u00a0\u00bbLA DIFF\u00c9RENCE PHARMANEX\u00a0\u00bb font_container=\u00a0\u00bbtag:h3|text_align:left\u00a0\u00bb use_theme_fonts=\u00a0\u00bbyes\u00a0\u00bb css=\u00a0\u00bb.vc_custom_1598891272096{margin-bottom: 15px !important;}\u00a0\u00bb][\/vc_column][\/vc_row][vc_row css=\u00a0\u00bb.vc_custom_1595604797809{margin-bottom: 25px !important;}\u00a0\u00bb][vc_column width=\u00a0\u00bb2\/3&Prime;][vc_column_text] Pharmanex\u00ae \u2013 un autre type de soci\u00e9t\u00e9 de sant\u00e9 naturelle [\/vc_column_text][\/vc_column][vc_column width=\u00a0\u00bb1\/3&Prime;][vc_single_image image=\u00a0\u00bb729&Prime; img_size=\u00a0\u00bbmedium\u00a0\u00bb alignment=\u00a0\u00bbcenter\u00a0\u00bb][\/vc_column][\/vc_row][vc_row css=\u00a0\u00bb.vc_custom_1595604896278{margin-bottom: 75px !important;}\u00a0\u00bb][vc_column][vc_column_text]La diff\u00e9rence est claire : Pharmanex\u00ae fixe les normes d\u2019int\u00e9grit\u00e9 scientifique du secteur. Les scientifiques de Pharmanex\u00ae examinent les processus naturels normaux se d\u00e9roulant dans [&hellip;]<\/p>\n","protected":false},"author":1,"featured_media":0,"parent":0,"menu_order":0,"comment_status":"closed","ping_status":"closed","template":"page-notitle.php","meta":[],"yoast_head":"<!-- This site is optimized with the Yoast SEO plugin v19.4 - https:\/\/yoast.com\/wordpress\/plugins\/seo\/ -->\n<title>En savoir plus sur Pharmanex - Wellness OTG<\/title>\n<meta name=\"robots\" content=\"index, follow, max-snippet:-1, max-image-preview:large, max-video-preview:-1\" \/>\n<link rel=\"canonical\" href=\"https:\/\/health.otg.global\/fr\/learn-about-pharmanex\/\" \/>\n<meta property=\"og:locale\" content=\"fr_FR\" \/>\n<meta property=\"og:type\" content=\"article\" \/>\n<meta property=\"og:title\" content=\"En savoir plus sur Pharmanex - Wellness OTG\" \/>\n<meta property=\"og:description\" content=\"[vc_row][vc_column][vc_custom_heading text=\u00a0\u00bbLA DIFF\u00c9RENCE PHARMANEX\u00a0\u00bb font_container=\u00a0\u00bbtag:h3|text_align:left\u00a0\u00bb use_theme_fonts=\u00a0\u00bbyes\u00a0\u00bb css=\u00a0\u00bb.vc_custom_1598891272096{margin-bottom: 15px !important;}\u00a0\u00bb][\/vc_column][\/vc_row][vc_row css=\u00a0\u00bb.vc_custom_1595604797809{margin-bottom: 25px !important;}\u00a0\u00bb][vc_column width=\u00a0\u00bb2\/3&Prime;][vc_column_text] Pharmanex\u00ae \u2013 un autre type de soci\u00e9t\u00e9 de sant\u00e9 naturelle [\/vc_column_text][\/vc_column][vc_column width=\u00a0\u00bb1\/3&Prime;][vc_single_image image=\u00a0\u00bb729&Prime; img_size=\u00a0\u00bbmedium\u00a0\u00bb alignment=\u00a0\u00bbcenter\u00a0\u00bb][\/vc_column][\/vc_row][vc_row css=\u00a0\u00bb.vc_custom_1595604896278{margin-bottom: 75px !important;}\u00a0\u00bb][vc_column][vc_column_text]La diff\u00e9rence est claire : Pharmanex\u00ae fixe les normes d\u2019int\u00e9grit\u00e9 scientifique du secteur. Les scientifiques de Pharmanex\u00ae examinent les processus naturels normaux se d\u00e9roulant dans [&hellip;]\" \/>\n<meta property=\"og:url\" content=\"https:\/\/health.otg.global\/fr\/learn-about-pharmanex\/\" \/>\n<meta property=\"og:site_name\" content=\"Wellness OTG\" \/>\n<meta property=\"article:modified_time\" content=\"2020-09-01T09:02:48+00:00\" \/>\n<meta property=\"og:image\" content=\"https:\/\/health.otg.global\/wp-content\/uploads\/2020\/09\/fb-otg-logo-wellness.jpg\" \/>\n\t<meta property=\"og:image:width\" content=\"540\" \/>\n\t<meta property=\"og:image:height\" content=\"284\" \/>\n\t<meta property=\"og:image:type\" content=\"image\/jpeg\" \/>\n<meta name=\"twitter:card\" content=\"summary_large_image\" \/>\n<meta name=\"twitter:label1\" content=\"Dur\u00e9e de lecture estim\u00e9e\" \/>\n\t<meta name=\"twitter:data1\" content=\"2 minutes\" \/>\n<script type=\"application\/ld+json\" class=\"yoast-schema-graph\">{\"@context\":\"https:\/\/schema.org\",\"@graph\":[{\"@type\":\"WebSite\",\"@id\":\"http:\/\/34.235.57.152\/#website\",\"url\":\"http:\/\/34.235.57.152\/\",\"name\":\"Wellness OTG\",\"description\":\"\",\"potentialAction\":[{\"@type\":\"SearchAction\",\"target\":{\"@type\":\"EntryPoint\",\"urlTemplate\":\"http:\/\/34.235.57.152\/?s={search_term_string}\"},\"query-input\":\"required name=search_term_string\"}],\"inLanguage\":\"fr-FR\"},{\"@type\":\"WebPage\",\"@id\":\"https:\/\/health.otg.global\/fr\/learn-about-pharmanex\/\",\"url\":\"https:\/\/health.otg.global\/fr\/learn-about-pharmanex\/\",\"name\":\"En savoir plus sur Pharmanex - Wellness OTG\",\"isPartOf\":{\"@id\":\"http:\/\/34.235.57.152\/#website\"},\"datePublished\":\"2020-07-24T16:15:55+00:00\",\"dateModified\":\"2020-09-01T09:02:48+00:00\",\"breadcrumb\":{\"@id\":\"https:\/\/health.otg.global\/fr\/learn-about-pharmanex\/#breadcrumb\"},\"inLanguage\":\"fr-FR\",\"potentialAction\":[{\"@type\":\"ReadAction\",\"target\":[\"https:\/\/health.otg.global\/fr\/learn-about-pharmanex\/\"]}]},{\"@type\":\"BreadcrumbList\",\"@id\":\"https:\/\/health.otg.global\/fr\/learn-about-pharmanex\/#breadcrumb\",\"itemListElement\":[{\"@type\":\"ListItem\",\"position\":1,\"name\":\"Home\",\"item\":\"https:\/\/wellness.otg.global\/fr\/\"},{\"@type\":\"ListItem\",\"position\":2,\"name\":\"En savoir plus sur Pharmanex\"}]}]}<\/script>\n<!-- \/ Yoast SEO plugin. -->","yoast_head_json":{"title":"En savoir plus sur Pharmanex - Wellness OTG","robots":{"index":"index","follow":"follow","max-snippet":"max-snippet:-1","max-image-preview":"max-image-preview:large","max-video-preview":"max-video-preview:-1"},"canonical":"https:\/\/health.otg.global\/fr\/learn-about-pharmanex\/","og_locale":"fr_FR","og_type":"article","og_title":"En savoir plus sur Pharmanex - Wellness OTG","og_description":"[vc_row][vc_column][vc_custom_heading text=\u00a0\u00bbLA DIFF\u00c9RENCE PHARMANEX\u00a0\u00bb font_container=\u00a0\u00bbtag:h3|text_align:left\u00a0\u00bb use_theme_fonts=\u00a0\u00bbyes\u00a0\u00bb css=\u00a0\u00bb.vc_custom_1598891272096{margin-bottom: 15px !important;}\u00a0\u00bb][\/vc_column][\/vc_row][vc_row css=\u00a0\u00bb.vc_custom_1595604797809{margin-bottom: 25px !important;}\u00a0\u00bb][vc_column width=\u00a0\u00bb2\/3&Prime;][vc_column_text] Pharmanex\u00ae \u2013 un autre type de soci\u00e9t\u00e9 de sant\u00e9 naturelle [\/vc_column_text][\/vc_column][vc_column width=\u00a0\u00bb1\/3&Prime;][vc_single_image image=\u00a0\u00bb729&Prime; img_size=\u00a0\u00bbmedium\u00a0\u00bb alignment=\u00a0\u00bbcenter\u00a0\u00bb][\/vc_column][\/vc_row][vc_row css=\u00a0\u00bb.vc_custom_1595604896278{margin-bottom: 75px !important;}\u00a0\u00bb][vc_column][vc_column_text]La diff\u00e9rence est claire : Pharmanex\u00ae fixe les normes d\u2019int\u00e9grit\u00e9 scientifique du secteur. Les scientifiques de Pharmanex\u00ae examinent les processus naturels normaux se d\u00e9roulant dans [&hellip;]","og_url":"https:\/\/health.otg.global\/fr\/learn-about-pharmanex\/","og_site_name":"Wellness OTG","article_modified_time":"2020-09-01T09:02:48+00:00","og_image":[{"width":540,"height":284,"url":"https:\/\/health.otg.global\/wp-content\/uploads\/2020\/09\/fb-otg-logo-wellness.jpg","type":"image\/jpeg"}],"twitter_card":"summary_large_image","twitter_misc":{"Dur\u00e9e de lecture estim\u00e9e":"2 minutes"},"schema":{"@context":"https:\/\/schema.org","@graph":[{"@type":"WebSite","@id":"http:\/\/34.235.57.152\/#website","url":"http:\/\/34.235.57.152\/","name":"Wellness OTG","description":"","potentialAction":[{"@type":"SearchAction","target":{"@type":"EntryPoint","urlTemplate":"http:\/\/34.235.57.152\/?s={search_term_string}"},"query-input":"required name=search_term_string"}],"inLanguage":"fr-FR"},{"@type":"WebPage","@id":"https:\/\/health.otg.global\/fr\/learn-about-pharmanex\/","url":"https:\/\/health.otg.global\/fr\/learn-about-pharmanex\/","name":"En savoir plus sur Pharmanex - Wellness OTG","isPartOf":{"@id":"http:\/\/34.235.57.152\/#website"},"datePublished":"2020-07-24T16:15:55+00:00","dateModified":"2020-09-01T09:02:48+00:00","breadcrumb":{"@id":"https:\/\/health.otg.global\/fr\/learn-about-pharmanex\/#breadcrumb"},"inLanguage":"fr-FR","potentialAction":[{"@type":"ReadAction","target":["https:\/\/health.otg.global\/fr\/learn-about-pharmanex\/"]}]},{"@type":"BreadcrumbList","@id":"https:\/\/health.otg.global\/fr\/learn-about-pharmanex\/#breadcrumb","itemListElement":[{"@type":"ListItem","position":1,"name":"Home","item":"https:\/\/wellness.otg.global\/fr\/"},{"@type":"ListItem","position":2,"name":"En savoir plus sur Pharmanex"}]}]}},"_links":{"self":[{"href":"https:\/\/health.otg.global\/fr\/wp-json\/wp\/v2\/pages\/1143"}],"collection":[{"href":"https:\/\/health.otg.global\/fr\/wp-json\/wp\/v2\/pages"}],"about":[{"href":"https:\/\/health.otg.global\/fr\/wp-json\/wp\/v2\/types\/page"}],"author":[{"embeddable":true,"href":"https:\/\/health.otg.global\/fr\/wp-json\/wp\/v2\/users\/1"}],"replies":[{"embeddable":true,"href":"https:\/\/health.otg.global\/fr\/wp-json\/wp\/v2\/comments?post=1143"}],"version-history":[{"count":4,"href":"https:\/\/health.otg.global\/fr\/wp-json\/wp\/v2\/pages\/1143\/revisions"}],"predecessor-version":[{"id":1612,"href":"https:\/\/health.otg.global\/fr\/wp-json\/wp\/v2\/pages\/1143\/revisions\/1612"}],"wp:attachment":[{"href":"https:\/\/health.otg.global\/fr\/wp-json\/wp\/v2\/media?parent=1143"}],"curies":[{"name":"wp","href":"https:\/\/api.w.org\/{rel}","templated":true}]}}