{"id":1125,"date":"2020-07-24T17:29:45","date_gmt":"2020-07-24T17:29:45","guid":{"rendered":"http:\/\/wellness.otg.global\/6s-quality-process\/"},"modified":"2020-09-01T15:03:03","modified_gmt":"2020-09-01T15:03:03","slug":"6s-quality-process","status":"publish","type":"page","link":"https:\/\/health.otg.global\/fr\/6s-quality-process\/","title":{"rendered":"Les 6 r\u00e8gles d&rsquo;or"},"content":{"rendered":"<p>[vc_row css=\u00a0\u00bb.vc_custom_1595604797809{margin-bottom: 25px !important;}\u00a0\u00bb][vc_column][vc_custom_heading text=\u00a0\u00bbLes 6 r\u00e8gles d&rsquo;or\u00a0\u00bb font_container=\u00a0\u00bbtag:h3|text_align:left\u00a0\u00bb use_theme_fonts=\u00a0\u00bbyes\u00a0\u00bb][\/vc_column][\/vc_row][vc_row content_placement=\u00a0\u00bbmiddle\u00a0\u00bb css=\u00a0\u00bb.vc_custom_1595619653406{margin-bottom: 75px !important;}\u00a0\u00bb][vc_column][vc_column_text]Pharmanex\u00ae utilise une technologie brevet\u00e9e exclusive pour ses processus de fabrication afin de maintenir des contr\u00f4les de qualit\u00e9 rigoureux \u00e0 chacune des \u00e9tapes du d\u00e9veloppement des produits. La cl\u00e9 de la qualit\u00e9 constante est le respect par Pharmanex\u00ae des 6 r\u00e8gles d&rsquo;or, sur lesquelles la soci\u00e9t\u00e9 se base pour l&rsquo;approche du d\u00e9veloppement de produit.[\/vc_column_text][\/vc_column][\/vc_row][vc_row content_placement=\u00a0\u00bbmiddle\u00a0\u00bb css=\u00a0\u00bb.vc_custom_1595621189790{margin-bottom: 25px !important;}\u00a0\u00bb][vc_column width=\u00a0\u00bb1\/4&Prime;][vc_single_image image=\u00a0\u00bb608&Prime; alignment=\u00a0\u00bbcenter\u00a0\u00bb][\/vc_column][vc_column width=\u00a0\u00bb3\/4&Prime;][vc_column_text]<\/p>\n<h4>S\u00c9LECTION<\/h4>\n<p>&nbsp;<\/p>\n<p style=\"text-align: left;\">Pour localiser les plantes ayant les propri\u00e9t\u00e9s favorables \u00e0 la sant\u00e9 les plus efficaces, Pharmanex emploie des \u00e9quipes d&rsquo;experts des \u00c9tats-Unis et d&rsquo;Asie. Ces \u00e9quipes m\u00e8nent des recherches exhaustives, compilent, examinent et \u00e9tablissent une synth\u00e8se de l&rsquo;historique de l&rsquo;utilisation et des renseignements actuels sur les propri\u00e9t\u00e9s d&rsquo;une plante et ses bienfaits pour la sant\u00e9. Pharmanex effectue \u00e9galement les recherches initiales pour identifier de nouvelles plantes, en collaboration avec des professionnels renomm\u00e9s dans le monde entier. Ne sont prises en compte que les plantes qui r\u00e9ussissent les tests approfondis de Pharmanex quant \u00e0 leur authenticit\u00e9, leur utilit\u00e9 et leur innocuit\u00e9.<\/p>\n<p>[\/vc_column_text][\/vc_column][\/vc_row][vc_row content_placement=\u00a0\u00bbmiddle\u00a0\u00bb css=\u00a0\u00bb.vc_custom_1595621181490{margin-bottom: 25px !important;}\u00a0\u00bb][vc_column width=\u00a0\u00bb1\/4&Prime;][vc_single_image image=\u00a0\u00bb612&Prime; alignment=\u00a0\u00bbcenter\u00a0\u00bb][\/vc_column][vc_column width=\u00a0\u00bb3\/4&Prime;][vc_column_text]<\/p>\n<h4><strong>SOURCE<\/strong><\/h4>\n<p>&nbsp;<\/p>\n<p style=\"text-align: left;\">Une fois que Pharmanex\u00ae d\u00e9cide de poursuivre ses travaux avec une plante particuli\u00e8re, une \u00e9quipe \u00e9tudie les sources potentielles de la plante et effectue des analyses exhaustives sur des \u00e9chantillons provenant de chaque source. Les sources peuvent \u00eatre nationales ou internationales et peuvent inclure des zones de culture Pharmanex\u00ae en Chine et au Chili. Pharmanex\u00ae choisit un fournisseur en fonction de la qualit\u00e9 et du niveau de concentration d&rsquo;un ou plusieurs ingr\u00e9dients actifs dans les \u00e9chantillons provenant de cette source.<\/p>\n<p>[\/vc_column_text][\/vc_column][\/vc_row][vc_row content_placement=\u00a0\u00bbmiddle\u00a0\u00bb css=\u00a0\u00bb.vc_custom_1595621200426{margin-bottom: 25px !important;}\u00a0\u00bb][vc_column width=\u00a0\u00bb1\/4&Prime;][vc_single_image image=\u00a0\u00bb613&Prime; alignment=\u00a0\u00bbcenter\u00a0\u00bb][\/vc_column][vc_column width=\u00a0\u00bb3\/4&Prime;][vc_column_text]<\/p>\n<h4>STRUCTURE<\/h4>\n<p>&nbsp;<\/p>\n<p style=\"text-align: left;\">Faisant appel \u00e0 des techniques d&rsquo;analyse de pointe et travaillant en collaboration avec des universit\u00e9s et des laboratoires r\u00e9put\u00e9s en Chine comme aux \u00c9tats-Unis, Pharmanex\u00ae effectue des analyses de structure des compos\u00e9s naturels pr\u00e9sents dans la plante s\u00e9lectionn\u00e9e. Ces analyses isolent et purifient les structures chimiques sp\u00e9cifiques dans les extraits normalis\u00e9s, une \u00e9tape essentielle pour garantir que la plante est efficace et sans danger.<\/p>\n<p>[\/vc_column_text][\/vc_column][\/vc_row][vc_row content_placement=\u00a0\u00bbmiddle\u00a0\u00bb css=\u00a0\u00bb.vc_custom_1595621215746{margin-bottom: 25px !important;}\u00a0\u00bb][vc_column width=\u00a0\u00bb1\/4&Prime;][vc_single_image image=\u00a0\u00bb614&Prime; alignment=\u00a0\u00bbcenter\u00a0\u00bb][\/vc_column][vc_column width=\u00a0\u00bb3\/4&Prime;][vc_column_text]<\/p>\n<h4>NORMALISATION<\/h4>\n<p>&nbsp;<\/p>\n<p style=\"text-align: left;\">Des variations importantes dans les ingr\u00e9dients actifs sont le propre de toutes les plantes. Pharmanex\u00ae optimise les ingr\u00e9dients actifs d&rsquo;un produit par de stricts processus de normalisation exclusifs (avec au moins un marqueur mol\u00e9culaire pertinent). Toutes capsules d&rsquo;un produit donn\u00e9 contiennent la m\u00eame quantit\u00e9 de chaque ingr\u00e9dient actif.<\/p>\n<p>[\/vc_column_text][\/vc_column][\/vc_row][vc_row content_placement=\u00a0\u00bbmiddle\u00a0\u00bb css=\u00a0\u00bb.vc_custom_1595621226181{margin-bottom: 25px !important;}\u00a0\u00bb][vc_column width=\u00a0\u00bb1\/4&Prime;][vc_single_image image=\u00a0\u00bb615&Prime; alignment=\u00a0\u00bbcenter\u00a0\u00bb][\/vc_column][vc_column width=\u00a0\u00bb3\/4&Prime;][vc_column_text]<\/p>\n<h4>INOCUIT\u00c9<\/h4>\n<p>&nbsp;<\/p>\n<p>Pharmanex\u00ae ouvre la voie en \u00e9tablissant des normes rigoureuses pour s&rsquo;assurer de l&rsquo;innocuit\u00e9 de ses produits. Les scientifiques effectuent des recherches afin d&rsquo;\u00e9tablir un historique document\u00e9 de l&rsquo;utilisation et de l&rsquo;innocuit\u00e9 d&rsquo;un produit. La quantit\u00e9 d&rsquo;ingr\u00e9dient actif utilis\u00e9e se base sur les dosages qui se sont r\u00e9v\u00e9l\u00e9s efficaces lors d&rsquo;essais cliniques, et s&rsquo;appuie sur les donn\u00e9es publi\u00e9es dans les dossiers de Pharmanex\u00ae. Chaque \u00e9tiquette de produit contient les indications d&rsquo;utilisation et la mise en garde appropri\u00e9es.[\/vc_column_text][\/vc_column][\/vc_row][vc_row css=\u00a0\u00bb.vc_custom_1598972520802{margin-bottom: 80px !important;}\u00a0\u00bb][vc_column width=\u00a0\u00bb1\/4&Prime;][vc_single_image image=\u00a0\u00bb616&Prime; alignment=\u00a0\u00bbcenter\u00a0\u00bb][\/vc_column][vc_column width=\u00a0\u00bb3\/4&Prime;][vc_column_text]<\/p>\n<h4>D\u00c9MONSTRATION<\/h4>\n<p>&nbsp;<\/p>\n<p>Les all\u00e9gations des produits Pharmanex\u00ae ont toutes \u00e9t\u00e9 corrobor\u00e9es par des \u00e9tudes pr\u00e9cliniques et cliniques document\u00e9es. Les donn\u00e9es cliniques existantes sont pass\u00e9es en revue et, le cas \u00e9ch\u00e9ant, Pharmanex\u00ae sponsorise l&rsquo;\u00e9tude de ses produits. Les donn\u00e9es de certaines de ces \u00e9tudes sont ensuite soumises \u00e0 des revues internationales de premi\u00e8re ordre pour \u00eatre examin\u00e9es. Cette adh\u00e9sion aux normes scientifiques pour \u00e9tayer ses donn\u00e9es contribue \u00e0 faire de Pharmanex\u00ae un leader dans le secteur des soins de sant\u00e9 naturels. L&rsquo;attention port\u00e9e aux d\u00e9tails, les tests scientifiques stricts et l&rsquo;engagement envers la qualit\u00e9, garantissent que chaque produit Pharmanex\u00ae est absolument sans danger et efficace. Les 6 r\u00e8gles d&rsquo;or ont permis \u00e0 Pharmanex\u00ae de devenir un leader de la qualit\u00e9 et de l&rsquo;efficacit\u00e9.[\/vc_column_text][\/vc_column][\/vc_row][vc_row css=\u00a0\u00bb.vc_custom_1598972581768{margin-bottom: 70px !important;}\u00a0\u00bb][vc_column width=\u00a0\u00bb1\/2&Prime;][vc_video link=\u00a0\u00bbhttps:\/\/youtu.be\/0OKQUOuLMCU\u00a0\u00bb][vc_column_text]<\/p>\n<p style=\"text-align: left;\"><strong>The 6S Quality Process: Quick Facts with Tanner Gibb | Pharmanex<\/strong><\/p>\n<p>[\/vc_column_text][\/vc_column][vc_column width=\u00a0\u00bb1\/2&Prime;][\/vc_column][\/vc_row]<\/p>\n","protected":false},"excerpt":{"rendered":"<p>[vc_row css=\u00a0\u00bb.vc_custom_1595604797809{margin-bottom: 25px !important;}\u00a0\u00bb][vc_column][vc_custom_heading text=\u00a0\u00bbLes 6 r\u00e8gles d&rsquo;or\u00a0\u00bb font_container=\u00a0\u00bbtag:h3|text_align:left\u00a0\u00bb use_theme_fonts=\u00a0\u00bbyes\u00a0\u00bb][\/vc_column][\/vc_row][vc_row content_placement=\u00a0\u00bbmiddle\u00a0\u00bb css=\u00a0\u00bb.vc_custom_1595619653406{margin-bottom: 75px !important;}\u00a0\u00bb][vc_column][vc_column_text]Pharmanex\u00ae utilise une technologie brevet\u00e9e exclusive pour ses processus de fabrication afin de maintenir des contr\u00f4les de qualit\u00e9 rigoureux \u00e0 chacune des \u00e9tapes du d\u00e9veloppement des produits. La cl\u00e9 de la qualit\u00e9 constante est le respect par Pharmanex\u00ae des 6 r\u00e8gles d&rsquo;or, [&hellip;]<\/p>\n","protected":false},"author":1,"featured_media":0,"parent":0,"menu_order":0,"comment_status":"closed","ping_status":"closed","template":"page-notitle.php","meta":[],"yoast_head":"<!-- This site is optimized with the Yoast SEO plugin v19.4 - https:\/\/yoast.com\/wordpress\/plugins\/seo\/ -->\n<title>Les 6 r\u00e8gles d&#039;or - Wellness OTG<\/title>\n<meta name=\"robots\" content=\"index, follow, max-snippet:-1, max-image-preview:large, max-video-preview:-1\" \/>\n<link rel=\"canonical\" href=\"https:\/\/health.otg.global\/fr\/6s-quality-process\/\" \/>\n<meta property=\"og:locale\" content=\"fr_FR\" \/>\n<meta property=\"og:type\" content=\"article\" \/>\n<meta property=\"og:title\" content=\"Les 6 r\u00e8gles d&#039;or - Wellness OTG\" \/>\n<meta property=\"og:description\" content=\"[vc_row css=\u00a0\u00bb.vc_custom_1595604797809{margin-bottom: 25px !important;}\u00a0\u00bb][vc_column][vc_custom_heading text=\u00a0\u00bbLes 6 r\u00e8gles d&rsquo;or\u00a0\u00bb font_container=\u00a0\u00bbtag:h3|text_align:left\u00a0\u00bb use_theme_fonts=\u00a0\u00bbyes\u00a0\u00bb][\/vc_column][\/vc_row][vc_row content_placement=\u00a0\u00bbmiddle\u00a0\u00bb css=\u00a0\u00bb.vc_custom_1595619653406{margin-bottom: 75px !important;}\u00a0\u00bb][vc_column][vc_column_text]Pharmanex\u00ae utilise une technologie brevet\u00e9e exclusive pour ses processus de fabrication afin de maintenir des contr\u00f4les de qualit\u00e9 rigoureux \u00e0 chacune des \u00e9tapes du d\u00e9veloppement des produits. La cl\u00e9 de la qualit\u00e9 constante est le respect par Pharmanex\u00ae des 6 r\u00e8gles d&rsquo;or, [&hellip;]\" \/>\n<meta property=\"og:url\" content=\"https:\/\/health.otg.global\/fr\/6s-quality-process\/\" \/>\n<meta property=\"og:site_name\" content=\"Wellness OTG\" \/>\n<meta property=\"article:modified_time\" content=\"2020-09-01T15:03:03+00:00\" \/>\n<meta property=\"og:image\" content=\"https:\/\/health.otg.global\/wp-content\/uploads\/2020\/09\/fb-otg-logo-wellness.jpg\" \/>\n\t<meta property=\"og:image:width\" content=\"540\" \/>\n\t<meta property=\"og:image:height\" content=\"284\" \/>\n\t<meta property=\"og:image:type\" content=\"image\/jpeg\" \/>\n<meta name=\"twitter:card\" content=\"summary_large_image\" \/>\n<meta name=\"twitter:label1\" content=\"Dur\u00e9e de lecture estim\u00e9e\" \/>\n\t<meta name=\"twitter:data1\" content=\"5 minutes\" \/>\n<script type=\"application\/ld+json\" class=\"yoast-schema-graph\">{\"@context\":\"https:\/\/schema.org\",\"@graph\":[{\"@type\":\"WebSite\",\"@id\":\"https:\/\/www.wellness.otg.global\/#website\",\"url\":\"https:\/\/www.wellness.otg.global\/\",\"name\":\"Wellness OTG\",\"description\":\"\",\"potentialAction\":[{\"@type\":\"SearchAction\",\"target\":{\"@type\":\"EntryPoint\",\"urlTemplate\":\"https:\/\/www.wellness.otg.global\/?s={search_term_string}\"},\"query-input\":\"required name=search_term_string\"}],\"inLanguage\":\"fr-FR\"},{\"@type\":\"WebPage\",\"@id\":\"https:\/\/health.otg.global\/fr\/6s-quality-process\/\",\"url\":\"https:\/\/health.otg.global\/fr\/6s-quality-process\/\",\"name\":\"Les 6 r\u00e8gles d'or - Wellness OTG\",\"isPartOf\":{\"@id\":\"https:\/\/www.wellness.otg.global\/#website\"},\"datePublished\":\"2020-07-24T17:29:45+00:00\",\"dateModified\":\"2020-09-01T15:03:03+00:00\",\"breadcrumb\":{\"@id\":\"https:\/\/health.otg.global\/fr\/6s-quality-process\/#breadcrumb\"},\"inLanguage\":\"fr-FR\",\"potentialAction\":[{\"@type\":\"ReadAction\",\"target\":[\"https:\/\/health.otg.global\/fr\/6s-quality-process\/\"]}]},{\"@type\":\"BreadcrumbList\",\"@id\":\"https:\/\/health.otg.global\/fr\/6s-quality-process\/#breadcrumb\",\"itemListElement\":[{\"@type\":\"ListItem\",\"position\":1,\"name\":\"Home\",\"item\":\"https:\/\/www.wellness.otg.global\/fr\/\"},{\"@type\":\"ListItem\",\"position\":2,\"name\":\"Les 6 r\u00e8gles d&rsquo;or\"}]}]}<\/script>\n<!-- \/ Yoast SEO plugin. -->","yoast_head_json":{"title":"Les 6 r\u00e8gles d'or - Wellness OTG","robots":{"index":"index","follow":"follow","max-snippet":"max-snippet:-1","max-image-preview":"max-image-preview:large","max-video-preview":"max-video-preview:-1"},"canonical":"https:\/\/health.otg.global\/fr\/6s-quality-process\/","og_locale":"fr_FR","og_type":"article","og_title":"Les 6 r\u00e8gles d'or - Wellness OTG","og_description":"[vc_row css=\u00a0\u00bb.vc_custom_1595604797809{margin-bottom: 25px !important;}\u00a0\u00bb][vc_column][vc_custom_heading text=\u00a0\u00bbLes 6 r\u00e8gles d&rsquo;or\u00a0\u00bb font_container=\u00a0\u00bbtag:h3|text_align:left\u00a0\u00bb use_theme_fonts=\u00a0\u00bbyes\u00a0\u00bb][\/vc_column][\/vc_row][vc_row content_placement=\u00a0\u00bbmiddle\u00a0\u00bb css=\u00a0\u00bb.vc_custom_1595619653406{margin-bottom: 75px !important;}\u00a0\u00bb][vc_column][vc_column_text]Pharmanex\u00ae utilise une technologie brevet\u00e9e exclusive pour ses processus de fabrication afin de maintenir des contr\u00f4les de qualit\u00e9 rigoureux \u00e0 chacune des \u00e9tapes du d\u00e9veloppement des produits. La cl\u00e9 de la qualit\u00e9 constante est le respect par Pharmanex\u00ae des 6 r\u00e8gles d&rsquo;or, [&hellip;]","og_url":"https:\/\/health.otg.global\/fr\/6s-quality-process\/","og_site_name":"Wellness OTG","article_modified_time":"2020-09-01T15:03:03+00:00","og_image":[{"width":540,"height":284,"url":"https:\/\/health.otg.global\/wp-content\/uploads\/2020\/09\/fb-otg-logo-wellness.jpg","type":"image\/jpeg"}],"twitter_card":"summary_large_image","twitter_misc":{"Dur\u00e9e de lecture estim\u00e9e":"5 minutes"},"schema":{"@context":"https:\/\/schema.org","@graph":[{"@type":"WebSite","@id":"https:\/\/www.wellness.otg.global\/#website","url":"https:\/\/www.wellness.otg.global\/","name":"Wellness OTG","description":"","potentialAction":[{"@type":"SearchAction","target":{"@type":"EntryPoint","urlTemplate":"https:\/\/www.wellness.otg.global\/?s={search_term_string}"},"query-input":"required name=search_term_string"}],"inLanguage":"fr-FR"},{"@type":"WebPage","@id":"https:\/\/health.otg.global\/fr\/6s-quality-process\/","url":"https:\/\/health.otg.global\/fr\/6s-quality-process\/","name":"Les 6 r\u00e8gles d'or - Wellness OTG","isPartOf":{"@id":"https:\/\/www.wellness.otg.global\/#website"},"datePublished":"2020-07-24T17:29:45+00:00","dateModified":"2020-09-01T15:03:03+00:00","breadcrumb":{"@id":"https:\/\/health.otg.global\/fr\/6s-quality-process\/#breadcrumb"},"inLanguage":"fr-FR","potentialAction":[{"@type":"ReadAction","target":["https:\/\/health.otg.global\/fr\/6s-quality-process\/"]}]},{"@type":"BreadcrumbList","@id":"https:\/\/health.otg.global\/fr\/6s-quality-process\/#breadcrumb","itemListElement":[{"@type":"ListItem","position":1,"name":"Home","item":"https:\/\/www.wellness.otg.global\/fr\/"},{"@type":"ListItem","position":2,"name":"Les 6 r\u00e8gles d&rsquo;or"}]}]}},"_links":{"self":[{"href":"https:\/\/health.otg.global\/fr\/wp-json\/wp\/v2\/pages\/1125"}],"collection":[{"href":"https:\/\/health.otg.global\/fr\/wp-json\/wp\/v2\/pages"}],"about":[{"href":"https:\/\/health.otg.global\/fr\/wp-json\/wp\/v2\/types\/page"}],"author":[{"embeddable":true,"href":"https:\/\/health.otg.global\/fr\/wp-json\/wp\/v2\/users\/1"}],"replies":[{"embeddable":true,"href":"https:\/\/health.otg.global\/fr\/wp-json\/wp\/v2\/comments?post=1125"}],"version-history":[{"count":9,"href":"https:\/\/health.otg.global\/fr\/wp-json\/wp\/v2\/pages\/1125\/revisions"}],"predecessor-version":[{"id":1653,"href":"https:\/\/health.otg.global\/fr\/wp-json\/wp\/v2\/pages\/1125\/revisions\/1653"}],"wp:attachment":[{"href":"https:\/\/health.otg.global\/fr\/wp-json\/wp\/v2\/media?parent=1125"}],"curies":[{"name":"wp","href":"https:\/\/api.w.org\/{rel}","templated":true}]}}