{"id":1790,"date":"2020-12-11T15:18:13","date_gmt":"2020-12-11T15:18:13","guid":{"rendered":"http:\/\/wellness.otg.global\/?page_id=1790"},"modified":"2020-12-11T15:18:33","modified_gmt":"2020-12-11T15:18:33","slug":"politica-de-privacidad","status":"publish","type":"page","link":"https:\/\/health.otg.global\/es\/politica-de-privacidad\/","title":{"rendered":"Pol\u00edtica de privacidad"},"content":{"rendered":"<p>[vc_row][vc_column][vc_empty_space][vc_column_text]<span style=\"font-weight: 400;\">El objetivo de esta\u00a0pol\u00edtica es informar a los interesados acerca de los distintos tratamientos realizados por esta asociaci\u00f3n mediante la p\u00e1gina web y que afecten a sus datos personales de conformidad con lo establecido en la Ley Org\u00e1nica 3\/2018, de 5 de diciembre, de Protecci\u00f3n de Datos Personales y garant\u00eda de los derechos digitales y el Reglamento (UE) 2016\/679 del Parlamento Europeo y del Consejo de 27 de abril de 2016.<\/span><\/p>\n<ul>\n<li><b>IDENTIFICACI\u00d3N Y DATOS DE CONTACTO DEL RESPONSABLE.<\/b><\/li>\n<\/ul>\n<p><span style=\"font-weight: 400;\">La asociaci\u00f3n\u00a0 ASOCIACION OTG WEST EUROPE, domiciliada en la C\/ PRINCIPE 53, 1 OFICINAS 4-5 (36202 VIGO) PONTEVEDRA con\u00a0 <\/span><b>N.I.F.<\/b><span style=\"font-weight: 400;\"> G27802560, correo electr\u00f3nico support@otg.global<\/span><\/p>\n<ul>\n<li><b>FINALIDADES DEL TRATAMIENTO DE SUS DATOS PERSONALES.\u00a0\u00a0<\/b><\/li>\n<\/ul>\n<p>&nbsp;<\/p>\n<p><span style=\"font-weight: 400;\">Seg\u00fan el caso, trataremos sus datos de car\u00e1cter personal facilitados a trav\u00e9s de nuestros formularios web con las siguientes finalidades expresadas:<\/span><\/p>\n<ul>\n<li style=\"font-weight: 400;\"><b>USUARIOS\/NAVEGANTES DE LA P\u00c1GINA WEB DEL RESPONSABLE.<\/b> <span style=\"font-weight: 400;\">Atender a las solicitudes, quejas e incidencias trasladadas a trav\u00e9s de nuestros canales de contacto incorporados en la p\u00e1gina web.\u00a0<\/span><\/li>\n<li style=\"font-weight: 400;\"><span style=\"font-weight: 400;\">Entender el comportamiento del navegante dentro de la web con el fin de detectar posibles ataques inform\u00e1ticos a nuestra web.<\/span><\/li>\n<li style=\"font-weight: 400;\"><span style=\"font-weight: 400;\">Cumplir con las obligaciones legales que nos resulten directamente aplicables y regulen nuestra actividad.\u00a0<\/span><\/li>\n<li style=\"font-weight: 400;\"><span style=\"font-weight: 400;\">Para proteger y ejercer nuestros derechos o responder ante reclamaciones de cualquier \u00edndole.<\/span><\/li>\n<li style=\"font-weight: 400;\"><span style=\"font-weight: 400;\">En su caso, env\u00edo de comunicaciones comerciales relativas a nuestra actividad., y\/o noticias o boletines relacionados con nuestro sector.<\/span><\/li>\n<\/ul>\n<ul>\n<li><b>BASE JUR\u00cdDICA DEL TRATAMIENTO.<\/b><b><br \/>\n<\/b><b><br \/>\n<\/b><span style=\"font-weight: 400;\">USUARIOS\/NAVEGANTES EN LA P\u00c1GINA WEB DEL RESPONSABLE.\u00a0<\/span><\/li>\n<\/ul>\n<ul>\n<li style=\"font-weight: 400;\"><span style=\"font-weight: 400;\">En el consentimiento que nos has prestado para tratar tus datos con las finalidades indicadas. La negativa a facilitar sus datos personales conlleva la imposibilidad de tratar sus datos con las finalidades mencionadas.<\/span><\/li>\n<li style=\"font-weight: 400;\"><span style=\"font-weight: 400;\">Para cumplir con las obligaciones legales que se nos aplican. En este caso, el interesado no podr\u00e1 negarse al tratamiento de los datos personales.<\/span><\/li>\n<li style=\"font-weight: 400;\"><span style=\"font-weight: 400;\">En nuestro inter\u00e9s leg\u00edtimo de proteger nuestra imagen, negocio y trayectoria evitando ataques a nuestra p\u00e1gina web. En este caso, el interesado no podr\u00e1 negarse al tratamiento de los datos personales, aunque podr\u00e1 ejercer, en su caso, los derechos reconocidos en el apartado octavos de la presente pol\u00edtica<\/span><\/li>\n<\/ul>\n<ul>\n<li><b>PLAZOS O CRITERIOS DE CONSERVACI\u00d3N DE LOS DATOS.<\/b><\/li>\n<\/ul>\n<p><span style=\"font-weight: 400;\">Los datos personales proporcionados se conservar\u00e1n durante el tiempo necesario para cumplir con las finalidades para los que fueron recopilados inicialmente.<\/span><\/p>\n<p><span style=\"font-weight: 400;\">Una vez que los datos dejen de ser necesarios para el tratamiento en cuesti\u00f3n, estos se mantendr\u00e1n debidamente bloqueados para, en su caso, ponerlos a disposici\u00f3n de las Administraciones y Organismos P\u00fablicas competentes, Jueces y Tribunales o el Ministerio Fiscal, de acuerdo al durante el plazo de prescripci\u00f3n de las acciones que pudieran derivarse de la relaci\u00f3n mantenida con el cliente y\/o los plazos de conservaci\u00f3n previstos legalmente.<\/span><\/p>\n<ul>\n<li><b>DECISIONES AUTOMATIZADAS Y ELABORACI\u00d3N DE PERFILES.<\/b><b><br \/>\n<\/b><span style=\"font-weight: 400;\">La p\u00e1gina web no toma decisiones automatizadas ni elabora perfiles.\u00a0<\/span><\/li>\n<\/ul>\n<ul>\n<li><b>DESTINATARIOS.<\/b><\/li>\n<\/ul>\n<p><span style=\"font-weight: 400;\">Durante el periodo de duraci\u00f3n del tratamiento de sus datos personales, organizaci\u00f3n podr\u00e1 ceder sus datos a los siguientes destinatarios:\u00a0<\/span><\/p>\n<ul>\n<li style=\"list-style-type: none;\">\n<ul>\n<li style=\"font-weight: 400;\"><span style=\"font-weight: 400;\">Jueces y Tribunales.<\/span><\/li>\n<li style=\"font-weight: 400;\"><span style=\"font-weight: 400;\">Fuerzas y Cuerpos de Seguridad del Estado.<\/span><\/li>\n<\/ul>\n<\/li>\n<\/ul>\n<ul>\n<li><span style=\"font-weight: 400;\">Otras autoridades u organismos p\u00fablicos competentes, cuando el responsable tenga la obligaci\u00f3n\u00a0 legal de facilitar los datos personales.\u00a0<\/span><\/li>\n<\/ul>\n<p><b><\/b><br \/>\n<b><\/b><\/p>\n<ul>\n<li><b>TRANSFERENCIAS INTERNACIONALES DE DATOS.\u00a0<\/b><\/li>\n<\/ul>\n<p><span style=\"font-weight: 400;\">La organizaci\u00f3n realiza transferencias internacionales de datos que garantizan un nivel adecuado de protecci\u00f3n y todas las garant\u00edas necesarias establecidas por las normas de protecci\u00f3n de datos.\u00a0 La autorizaci\u00f3n para dichas transferencias est\u00e1 establecida en el RGPD y la LOPDGDD, comprometi\u00e9ndose a obtener su consentimiento expreso e inequ\u00edvoco en los casos establecidos en la referida legislaci\u00f3n.<\/span><\/p>\n<p>&nbsp;<\/p>\n<p><span style=\"font-weight: 400;\">Las garant\u00edas otorgadas son:<\/span><\/p>\n<p>&nbsp;<\/p>\n<p><span style=\"font-weight: 400;\">Decisi\u00f3n de adecuaci\u00f3n adoptada por la Comisi\u00f3n\u00a0\u00a0<\/span><\/p>\n<p>&nbsp;<\/p>\n<p><span style=\"font-weight: 400;\">Normas corporativas vinculantes (Binding Corporate Rules &#8211; BCR)<\/span><\/p>\n<p>&nbsp;<\/p>\n<p><span style=\"font-weight: 400;\">La entidad que recibe la transferencia de datos es adherida al privacy shield (escudo de privacidad). Para m\u00e1s informaci\u00f3n, visite el siguiente enlace: https:\/\/www.privacyshield.gov\/list.<\/span><\/p>\n<p>&nbsp;<\/p>\n<p><span style=\"font-weight: 400;\">Tipo de contracto aprobado por la Comisi\u00f3n Europea<\/span><\/p>\n<p>&nbsp;<\/p>\n<p><span style=\"font-weight: 400;\">C\u00f3digo de Conducta<\/span><\/p>\n<p>&nbsp;<\/p>\n<p><span style=\"font-weight: 400;\">Mecanismo de certificaci\u00f3n\u00a0<\/span><\/p>\n<p>&nbsp;<\/p>\n<p><span style=\"font-weight: 400;\">Las transferencias se realizan a entidades ubicadas en los Estados Unidos e Irlanda.<\/span><\/p>\n<p>&nbsp;<\/p>\n<ul>\n<li><b>DERECHOS<\/b><\/li>\n<\/ul>\n<p><span style=\"font-weight: 400;\">Los interesados podr\u00e1n ejercer en cualquier momento y de forma totalmente gratuita los derechos de acceso, rectificaci\u00f3n y supresi\u00f3n, as\u00ed como solicitar que se limite el tratamiento de sus datos personales, oponerse al mismo, solicitar la portabilidad de estos (siempre que sea t\u00e9cnicamente posible) o retirar el consentimiento prestado, y en su caso, cuando proceda, a no ser objeto de una decisi\u00f3n basada \u00fanicamente en un tratamiento automatizado, incluido la elaboraci\u00f3n de perfiles.\u00a0<\/span><\/p>\n<p>&nbsp;<\/p>\n<p><span style=\"font-weight: 400;\">Para ello podr\u00e1 emplear los formularios habilitados por la organizaci\u00f3n, o bien dirigir un escrito a la direcci\u00f3n postal o correo electr\u00f3nico arriba indicadas. En cualquier caso, su solicitud deber\u00e1 acompa\u00f1arse de una fotocopia de su D.N.I. o documento equivalente, con la finalidad de acreditar su identidad.\u00a0\u00a0<\/span><\/p>\n<p><span style=\"font-weight: 400;\">En caso de que sienta vulnerados sus derechos en lo concerniente a la protecci\u00f3n de sus datos personales, especialmente cuando no haya obtenido satisfacci\u00f3n en el ejercicio de sus derechos, puede presentar una reclamaci\u00f3n ante la Autoridad de Control en materia de Protecci\u00f3n de Datos competente <\/span><b>(Agencia Espa\u00f1ola de Protecci\u00f3n de Datos),<\/b><span style=\"font-weight: 400;\"> a trav\u00e9s de su sitio web: <\/span><a href=\"http:\/\/www.agpd.es\"><span style=\"font-weight: 400;\">www.agpd.es<\/span><\/a><span style=\"font-weight: 400;\">.<\/span><\/p>\n<p><span style=\"font-weight: 400;\">En cumplimiento de lo dispuesto en el art\u00edculo 21 de la Ley 34\/2002 de servicios de la sociedad de la informaci\u00f3n y comercio electr\u00f3nico, si usted no desea recibir m\u00e1s informaci\u00f3n sobre nuestros servicios, puede darse de baja enviando un correo electr\u00f3nico a la direcci\u00f3n support@otg.global con asunto\u00a0 <\/span><b>\u201c<\/b><b><i>BAJAS\u201d <\/i><\/b><span style=\"font-weight: 400;\">o bien haciendo <\/span><i><span style=\"font-weight: 400;\">click<\/span><\/i><span style=\"font-weight: 400;\"> en el apartado del correo *<\/span><b><i>para darse de baja<\/i><\/b><span style=\"font-weight: 400;\">*.\u00a0<\/span><\/p>\n<ul>\n<li><b>VERACIDAD DE LOS DATOS<\/b><\/li>\n<\/ul>\n<p><span style=\"font-weight: 400;\">El interesado garantiza que los datos aportados son verdaderos, exactos, completos y se encuentran actualizados; comprometi\u00e9ndose a informar de cualquier cambio respecto de los datos que aportara, por los canales habilitados al efecto e indicados en el punto uno de la presente pol\u00edtica. Ser\u00e1 responsable de cualquier da\u00f1o o perjuicio, tanto directo como indirecto, que pudiera ocasionar como consecuencia del incumplimiento de la presente obligaci\u00f3n.<\/span><\/p>\n<p><span style=\"font-weight: 400;\">En el supuesto de que el usuario facilite datos de terceros, declara que cuenta con el consentimiento de los interesados y se compromete a trasladarle la informaci\u00f3n contenida en esta cl\u00e1usula, eximiendo a la organizaci\u00f3n de cualquier responsabilidad derivada por la falta de cumplimiento de la presente obligaci\u00f3n.<\/span><\/p>\n<p><span style=\"font-weight: 400;\">\u00a0\u00daltima revisi\u00f3n: Junio, 2020<\/span>[\/vc_column_text][\/vc_column][\/vc_row]<\/p>\n","protected":false},"excerpt":{"rendered":"<p>[vc_row][vc_column][vc_empty_space][vc_column_text]El objetivo de esta\u00a0pol\u00edtica es informar a los interesados acerca de los distintos tratamientos realizados por esta asociaci\u00f3n mediante la p\u00e1gina web y que afecten a sus datos personales de conformidad con lo establecido en la Ley Org\u00e1nica 3\/2018, de 5 de diciembre, de Protecci\u00f3n de Datos Personales y garant\u00eda de los derechos digitales y [&hellip;]<\/p>\n","protected":false},"author":1,"featured_media":0,"parent":0,"menu_order":0,"comment_status":"closed","ping_status":"closed","template":"","meta":[],"yoast_head":"<!-- This site is optimized with the Yoast SEO plugin v19.4 - https:\/\/yoast.com\/wordpress\/plugins\/seo\/ -->\n<title>Pol\u00edtica de privacidad - Wellness OTG<\/title>\n<meta name=\"robots\" content=\"index, follow, max-snippet:-1, max-image-preview:large, max-video-preview:-1\" \/>\n<link rel=\"canonical\" href=\"https:\/\/health.otg.global\/es\/politica-de-privacidad\/\" \/>\n<meta property=\"og:locale\" content=\"es_ES\" \/>\n<meta property=\"og:type\" content=\"article\" \/>\n<meta property=\"og:title\" content=\"Pol\u00edtica de privacidad - Wellness OTG\" \/>\n<meta property=\"og:description\" content=\"[vc_row][vc_column][vc_empty_space][vc_column_text]El objetivo de esta\u00a0pol\u00edtica es informar a los interesados acerca de los distintos tratamientos realizados por esta asociaci\u00f3n mediante la p\u00e1gina web y que afecten a sus datos personales de conformidad con lo establecido en la Ley Org\u00e1nica 3\/2018, de 5 de diciembre, de Protecci\u00f3n de Datos Personales y garant\u00eda de los derechos digitales y [&hellip;]\" \/>\n<meta property=\"og:url\" content=\"https:\/\/health.otg.global\/es\/politica-de-privacidad\/\" \/>\n<meta property=\"og:site_name\" content=\"Wellness OTG\" \/>\n<meta property=\"article:modified_time\" content=\"2020-12-11T15:18:33+00:00\" \/>\n<meta property=\"og:image\" content=\"https:\/\/health.otg.global\/wp-content\/uploads\/2020\/09\/fb-otg-logo-wellness.jpg\" \/>\n\t<meta property=\"og:image:width\" content=\"540\" \/>\n\t<meta property=\"og:image:height\" content=\"284\" \/>\n\t<meta property=\"og:image:type\" content=\"image\/jpeg\" \/>\n<meta name=\"twitter:card\" content=\"summary_large_image\" \/>\n<meta name=\"twitter:label1\" content=\"Tiempo de lectura\" \/>\n\t<meta name=\"twitter:data1\" content=\"6 minutos\" \/>\n<script type=\"application\/ld+json\" class=\"yoast-schema-graph\">{\"@context\":\"https:\/\/schema.org\",\"@graph\":[{\"@type\":\"WebSite\",\"@id\":\"http:\/\/34.235.57.152\/#website\",\"url\":\"http:\/\/34.235.57.152\/\",\"name\":\"Wellness OTG\",\"description\":\"\",\"potentialAction\":[{\"@type\":\"SearchAction\",\"target\":{\"@type\":\"EntryPoint\",\"urlTemplate\":\"http:\/\/34.235.57.152\/?s={search_term_string}\"},\"query-input\":\"required name=search_term_string\"}],\"inLanguage\":\"es\"},{\"@type\":\"WebPage\",\"@id\":\"https:\/\/health.otg.global\/es\/politica-de-privacidad\/\",\"url\":\"https:\/\/health.otg.global\/es\/politica-de-privacidad\/\",\"name\":\"Pol\u00edtica de privacidad - Wellness OTG\",\"isPartOf\":{\"@id\":\"http:\/\/34.235.57.152\/#website\"},\"datePublished\":\"2020-12-11T15:18:13+00:00\",\"dateModified\":\"2020-12-11T15:18:33+00:00\",\"breadcrumb\":{\"@id\":\"https:\/\/health.otg.global\/es\/politica-de-privacidad\/#breadcrumb\"},\"inLanguage\":\"es\",\"potentialAction\":[{\"@type\":\"ReadAction\",\"target\":[\"https:\/\/health.otg.global\/es\/politica-de-privacidad\/\"]}]},{\"@type\":\"BreadcrumbList\",\"@id\":\"https:\/\/health.otg.global\/es\/politica-de-privacidad\/#breadcrumb\",\"itemListElement\":[{\"@type\":\"ListItem\",\"position\":1,\"name\":\"Home\",\"item\":\"https:\/\/wellness.otg.global\/es\/\"},{\"@type\":\"ListItem\",\"position\":2,\"name\":\"Pol\u00edtica de privacidad\"}]}]}<\/script>\n<!-- \/ Yoast SEO plugin. -->","yoast_head_json":{"title":"Pol\u00edtica de privacidad - Wellness OTG","robots":{"index":"index","follow":"follow","max-snippet":"max-snippet:-1","max-image-preview":"max-image-preview:large","max-video-preview":"max-video-preview:-1"},"canonical":"https:\/\/health.otg.global\/es\/politica-de-privacidad\/","og_locale":"es_ES","og_type":"article","og_title":"Pol\u00edtica de privacidad - Wellness OTG","og_description":"[vc_row][vc_column][vc_empty_space][vc_column_text]El objetivo de esta\u00a0pol\u00edtica es informar a los interesados acerca de los distintos tratamientos realizados por esta asociaci\u00f3n mediante la p\u00e1gina web y que afecten a sus datos personales de conformidad con lo establecido en la Ley Org\u00e1nica 3\/2018, de 5 de diciembre, de Protecci\u00f3n de Datos Personales y garant\u00eda de los derechos digitales y [&hellip;]","og_url":"https:\/\/health.otg.global\/es\/politica-de-privacidad\/","og_site_name":"Wellness OTG","article_modified_time":"2020-12-11T15:18:33+00:00","og_image":[{"width":540,"height":284,"url":"https:\/\/health.otg.global\/wp-content\/uploads\/2020\/09\/fb-otg-logo-wellness.jpg","type":"image\/jpeg"}],"twitter_card":"summary_large_image","twitter_misc":{"Tiempo de lectura":"6 minutos"},"schema":{"@context":"https:\/\/schema.org","@graph":[{"@type":"WebSite","@id":"http:\/\/34.235.57.152\/#website","url":"http:\/\/34.235.57.152\/","name":"Wellness OTG","description":"","potentialAction":[{"@type":"SearchAction","target":{"@type":"EntryPoint","urlTemplate":"http:\/\/34.235.57.152\/?s={search_term_string}"},"query-input":"required name=search_term_string"}],"inLanguage":"es"},{"@type":"WebPage","@id":"https:\/\/health.otg.global\/es\/politica-de-privacidad\/","url":"https:\/\/health.otg.global\/es\/politica-de-privacidad\/","name":"Pol\u00edtica de privacidad - Wellness OTG","isPartOf":{"@id":"http:\/\/34.235.57.152\/#website"},"datePublished":"2020-12-11T15:18:13+00:00","dateModified":"2020-12-11T15:18:33+00:00","breadcrumb":{"@id":"https:\/\/health.otg.global\/es\/politica-de-privacidad\/#breadcrumb"},"inLanguage":"es","potentialAction":[{"@type":"ReadAction","target":["https:\/\/health.otg.global\/es\/politica-de-privacidad\/"]}]},{"@type":"BreadcrumbList","@id":"https:\/\/health.otg.global\/es\/politica-de-privacidad\/#breadcrumb","itemListElement":[{"@type":"ListItem","position":1,"name":"Home","item":"https:\/\/wellness.otg.global\/es\/"},{"@type":"ListItem","position":2,"name":"Pol\u00edtica de privacidad"}]}]}},"_links":{"self":[{"href":"https:\/\/health.otg.global\/es\/wp-json\/wp\/v2\/pages\/1790"}],"collection":[{"href":"https:\/\/health.otg.global\/es\/wp-json\/wp\/v2\/pages"}],"about":[{"href":"https:\/\/health.otg.global\/es\/wp-json\/wp\/v2\/types\/page"}],"author":[{"embeddable":true,"href":"https:\/\/health.otg.global\/es\/wp-json\/wp\/v2\/users\/1"}],"replies":[{"embeddable":true,"href":"https:\/\/health.otg.global\/es\/wp-json\/wp\/v2\/comments?post=1790"}],"version-history":[{"count":2,"href":"https:\/\/health.otg.global\/es\/wp-json\/wp\/v2\/pages\/1790\/revisions"}],"predecessor-version":[{"id":1792,"href":"https:\/\/health.otg.global\/es\/wp-json\/wp\/v2\/pages\/1790\/revisions\/1792"}],"wp:attachment":[{"href":"https:\/\/health.otg.global\/es\/wp-json\/wp\/v2\/media?parent=1790"}],"curies":[{"name":"wp","href":"https:\/\/api.w.org\/{rel}","templated":true}]}}