{"id":1777,"date":"2020-11-24T16:08:41","date_gmt":"2020-11-24T16:08:41","guid":{"rendered":"http:\/\/wellness.otg.global\/?page_id=1777"},"modified":"2020-12-04T20:48:38","modified_gmt":"2020-12-04T20:48:38","slug":"politicas-de-cookies","status":"publish","type":"page","link":"https:\/\/health.otg.global\/es\/politicas-de-cookies\/","title":{"rendered":"Politicas de Cookies"},"content":{"rendered":"<p>[vc_row][vc_column][vc_column_text]<\/p>\n<h2>Politicas de Cookies<\/h2>\n<p>[\/vc_column_text][\/vc_column][\/vc_row][vc_row][vc_column][vc_column_text]<\/p>\n<h4><b>1. USO DE COOKIES. \u00bfQU\u00c9 SON LAS COOKIES?<\/b><\/h4>\n<p><span style=\"font-weight: 400;\">Las cookies son ficheros que se descargan en su Ordenador, Smartphone o Tablet al acceder a determinadas p\u00e1ginas web. La utilizaci\u00f3n de cookies, ofrece numerosas ventajas en la prestaci\u00f3n de servicios de la Sociedad de la Informaci\u00f3n, puesto que, entre otras: (a) facilita la navegaci\u00f3n del usuario en el Sitio Web; (b) facilita al usuario el acceso a los diferentes servicios que ofrece el Sitio Web; (c) evita al usuario volver a configurar caracter\u00edsticas generales predefinidas cada vez que accede al Sitio Web; (d) favorece la mejora del funcionamiento y de los servicios prestados a trav\u00e9s del Sitio Web, tras el correspondiente an\u00e1lisis de la informaci\u00f3n obtenida a trav\u00e9s de las cookies instaladas; (e) permiten a un Sitio Web, entre otras cosas, almacenar y recuperar informaci\u00f3n sobre los h\u00e1bitos de navegaci\u00f3n de un usuario o de su equipo y, dependiendo de la informaci\u00f3n que contengan y de la forma en que utilice su equipo, pueden utilizarse para reconocer al usuario.\u00a0<\/span><\/p>\n<p><span style=\"font-weight: 400;\">La mayor\u00eda de los navegadores aceptan como est\u00e1ndar a las cookies y, con independencia de las mismas, permiten o impiden en los ajustes de seguridad\u00a0 las cookies temporales o memorizadas.<\/span><\/p>\n<p><span style=\"font-weight: 400;\">Ten en cuenta que para poder utilizar y contar con una mejor experiencia de navegaci\u00f3n,\u00a0<\/span><b>\u00a0<\/b><span style=\"font-weight: 400;\">es necesario que tengas habilitadas las cookies, especialmente aquellas de car\u00e1cter t\u00e9cnico que resultan necesarias para que pueda identificarte como usuario registrado cada vez que accedas a la presente web.<\/span><\/p>\n<p><span style=\"font-weight: 400;\">En caso de no querer recibir cookies, por favor, configure su navegador de internet, para que las borre del disco duro de su ordenador, las bloquee o le avise en su caso de instalaci\u00f3n de las mismas.\u00a0<\/span><\/p>\n<p>&nbsp;<\/p>\n<ol start=\"2\">\n<li>\n<h4><b> \u00bfQU\u00c9 TIPOS DE COOKIES UTILIZA ESTA P\u00c1GINA WEB?<\/b><\/h4>\n<\/li>\n<\/ol>\n<p><b><i>Cookies utilizadas en este sitio web.<\/i><\/b><\/p>\n<p><span style=\"font-weight: 400;\">Siguiendo las directrices de la Agencia Espa\u00f1ola de Protecci\u00f3n de Datos, procedemos a detallar el uso de las <\/span><i><span style=\"font-weight: 400;\">cookies<\/span><\/i><span style=\"font-weight: 400;\"> que esta p\u00e1gina web emplea,\u00a0 con el fin de proporcionarle\u00a0 la m\u00e1xima informaci\u00f3n posible.\u00a0\u00a0<\/span><\/p>\n<p><b><i>Cookies Propias:<\/i><\/b><\/p>\n<p><span style=\"font-weight: 400;\">Son aqu\u00e9llas que se env\u00edan al equipo terminal del usuario desde un equipo o dominio gestionado por el propio editor y desde el que se presta el servicio solicitado por el usuario.<\/span><\/p>\n<p>&nbsp;<\/p>\n<p><b><i>Cookies de Terceros:<\/i><\/b><\/p>\n<p><span style=\"font-weight: 400;\">Son aqu\u00e9llas que se env\u00edan al equipo terminal del usuario desde un equipo o dominio que no es gestionado por el editor, sino por otra entidad que trata los datos obtenidos trav\u00e9s de las cookies.<\/span><\/p>\n<p><span style=\"font-weight: 400;\">A continuaci\u00f3n la lista de las que utilizamos:<\/span><\/p>\n<table id=\"CookieTable\" class=\"table table-striped table-bordered mb-5\">\n<thead>\n<tr>\n<th scope=\"col\">Cookie<\/th>\n<th scope=\"col\">Domain<\/th>\n<th scope=\"col\">Description<\/th>\n<th scope=\"col\">Duration<\/th>\n<th scope=\"col\">Type<\/th>\n<\/tr>\n<\/thead>\n<tbody>\n<tr>\n<td>__cfduid<\/td>\n<td>.otg.global<\/td>\n<td>The cookie is used by cdn services like CloudFare to identify individual clients behind a shared IP address and apply security settings on a per-client basis. It does not correspond to any user ID in the web application and does not store any personally identifiable information.<\/td>\n<td>1 years 30 days<\/td>\n<td>Necessary<\/td>\n<\/tr>\n<tr>\n<td>_ga<\/td>\n<td>.otg.global<\/td>\n<td>This cookie is installed by Google Analytics. The cookie is used to calculate visitor, session, campaign data and keep track of site usage for the site\u00bbs analytics report. The cookies store information anonymously and assign a randomly generated number to identify unique visitors.<\/td>\n<td>1 years 20 days 8 hours 57 minutes<\/td>\n<td>Analytics<\/td>\n<\/tr>\n<tr>\n<td>_gid<\/td>\n<td>.otg.global<\/td>\n<td>This cookie is installed by Google Analytics. The cookie is used to store information of how visitors use a website and helps in creating an analytics report of how the wbsite is doing. The data collected including the number visitors, the source where they have come from, and the pages viisted in an anonymous form.<\/td>\n<td>1 years 19 days 15 hours 27 minutes<\/td>\n<td>Analytics<\/td>\n<\/tr>\n<tr>\n<td>_gat_gtag_UA_5460986_1<\/td>\n<td>.otg.global<\/td>\n<td>No description<\/td>\n<td>1 years 19 days 15 hours 26 minutes<\/td>\n<td>Other<\/td>\n<\/tr>\n<tr>\n<td>_gat_gtag_UA_175656773_1<\/td>\n<td>.otg.global<\/td>\n<td>No description<\/td>\n<td>1 years 19 days 15 hours 26 minutes<\/td>\n<td>Other<\/td>\n<\/tr>\n<tr>\n<td>cookielawinfo-checkbox-necessary<\/td>\n<td>wellness.otg.global<\/td>\n<td>This cookie is set by GDPR Cookie Consent plugin. The cookies is used to store the user consent for the cookies in the category \u00bbNecessary\u00bb.<\/td>\n<td>1 years 19 days 11 minutes<\/td>\n<td>Necessary<\/td>\n<\/tr>\n<tr>\n<td>cookielawinfo-checkbox-non-necessary<\/td>\n<td>wellness.otg.global<\/td>\n<td>This cookie is set by GDPR Cookie Consent plugin. The cookies is used to store the user consent for the cookies in the category \u00bbNon-necessary\u00bb.<\/td>\n<td>1 years 19 days 11 minutes<\/td>\n<td>Necessary<\/td>\n<\/tr>\n<\/tbody>\n<\/table>\n<p>ASOCIACI\u00d3N OTG WEST EUROPE no se hace responsable, en ning\u00fan caso ni del contenido ni de la veracidad de las pol\u00edticas y\/o condiciones de uso y privacidad de los terceros, incluidos, a trav\u00e9s de los enlaces, en esta pol\u00edtica.<\/p>\n<ol start=\"3\">\n<li><b> CONSENTIMIENTO\u00a0<\/b><\/li>\n<\/ol>\n<p><span style=\"font-weight: 400;\">En relaci\u00f3n con la utilizaci\u00f3n de cookies de este sitio web descritos en el apartado anterior, el usuario autoriza y consiente su uso de la siguiente forma: Cuando el usuario accede a cualquier p\u00e1gina de la web, ver\u00e1 un aviso\u00a0 donde se indica que la p\u00e1gina web de ASOCIACI\u00d3N OTG WEST EUROPE <\/span><b>\u00a0<\/b><span style=\"font-weight: 400;\">utiliza cookies, pudiendo el usuario aceptar o rechazar el uso de las mismas a trav\u00e9s de la configuraci\u00f3n de su navegador. Si el usuario no configura su navegador para que las cookies no se activen, al navegar por el sitio web de ASOCIACI\u00d3N OTG WEST EUROPE y utilizar sus servicios, el usuario acepta el uso que se hace de las cookies.<\/span><\/p>\n<ol start=\"4\">\n<li><b> C\u00d3MO BLOQUEAR O ELIMINAR LAS COOKIES INSTALADAS<\/b><\/li>\n<\/ol>\n<p><span style=\"font-weight: 400;\">Puede usted permitir, bloquear o eliminar las cookies instaladas en su equipo mediante la configuraci\u00f3n de las opciones de su navegador. Puede encontrar informaci\u00f3n sobre c\u00f3mo hacerlo, en relaci\u00f3n con los navegadores m\u00e1s comunes en los links que se incluyen a continuaci\u00f3n:<\/span><\/p>\n<p><span style=\"font-weight: 400;\">Explorer: <\/span><a href=\"https:\/\/support.microsoft.com\/es-es\/kb\/278835\"><span style=\"font-weight: 400;\">https:\/\/support.microsoft.com\/es-es\/kb\/278835<\/span><\/a><\/p>\n<p><span style=\"font-weight: 400;\">Microsoft Edge<\/span><b>: <\/b><a href=\"https:\/\/privacy.microsoft.com\/es-es\/windows-10-microsoft-edge-and-privacy\"><span style=\"font-weight: 400;\">https:\/\/privacy.microsoft.com\/es-es\/windows-10-microsoft-edge-and-privacy<\/span><\/a><\/p>\n<p><span style=\"font-weight: 400;\">Chrome:<\/span><a href=\"https:\/\/support.google.com\/chrome\/answer\/95647?co=GENIE.Platform%3DDesktop&amp;hl=es\"><span style=\"font-weight: 400;\">https:\/\/support.google.com\/chrome\/answer\/95647?co=GENIE.Platform%3DDesktop&amp;hl=es<\/span><\/a><a href=\"http:\/\/support.google.com\/chrome\/bin\/answer.py?hl=es&amp;answer=95647\"><span style=\"font-weight: 400;\">ttp:\/\/support.google.com\/chrome\/bin\/answer.py?hl=es&amp;answer=95647<\/span><\/a><\/p>\n<p><span style=\"font-weight: 400;\">Firefox: <\/span><a href=\"http:\/\/support.mozilla.org\/es\/kb\/Borrar%20cookies\"><span style=\"font-weight: 400;\">http:\/\/support.mozilla.org\/es\/kb\/Borrar%20cookies<\/span><\/a><\/p>\n<p><span style=\"font-weight: 400;\">Safari: <\/span><a href=\"http:\/\/support.apple.com\/kb\/ph5042\"><span style=\"font-weight: 400;\">http:\/\/support.apple.com\/kb\/ph5042<\/span><\/a><span style=\"font-weight: 400;\">.<\/span><\/p>\n<p><span style=\"font-weight: 400;\">Opera: <\/span><a href=\"https:\/\/help.opera.com\/en\/latest\/web-preferences\/#cookies\"><span style=\"font-weight: 400;\">https:\/\/help.opera.com\/en\/latest\/web-preferences\/#cookies<\/span><\/a><span style=\"font-weight: 400;\">\u00a0<\/span><\/p>\n<p><span style=\"font-weight: 400;\">Le informamos, no obstante, de la posibilidad de que la desactivaci\u00f3n de alguna cookie impida o dificulte la navegaci\u00f3n o la prestaci\u00f3n de los servicios ofrecidos en la p\u00e1gina web.<\/span><\/p>\n<ol start=\"4\">\n<li><b> MODIFICACIONES<\/b><\/li>\n<\/ol>\n<p><span style=\"font-weight: 400;\">La presente pol\u00edtica de cookies puede verse modificada en funci\u00f3n de las exigencias legales establecidas o con la finalidad de adaptar dicha pol\u00edtica a las instrucciones dictadas por la Agencia Espa\u00f1ola de Protecci\u00f3n de Datos.<\/span><\/p>\n<p><span style=\"font-weight: 400;\">Por esta raz\u00f3n, aconsejamos a los usuarios que\u00a0 visiten peri\u00f3dicamente nuestra\u00a0 pol\u00edtica de cookies.\u00a0<\/span><\/p>\n<p><span style=\"font-weight: 400;\">Cuando se produzcan cambios significativos en esta pol\u00edtica, en la medida de nuestras posibilidades, comunicaremos a los usuarios estos cambios mediante un aviso en nuestra p\u00e1gina web.\u00a0<\/span><\/p>\n<p><span style=\"font-weight: 400;\">Si tiene dudas acerca de esta pol\u00edtica de cookies, puede contactar con ASOCIACI\u00d3N OTG WEST EUROPE<\/span> <span style=\"font-weight: 400;\">a trav\u00e9s del siguiente correo electr\u00f3nico: <\/span><span style=\"font-weight: 400;\">support@otgwesteurope.eu<\/span><\/p>\n<p><span style=\"font-weight: 400;\">\u00daltima revisi\u00f3n: junio 2020<\/span>[\/vc_column_text][\/vc_column][\/vc_row]<\/p>\n","protected":false},"excerpt":{"rendered":"<p>[vc_row][vc_column][vc_column_text] Politicas de Cookies [\/vc_column_text][\/vc_column][\/vc_row][vc_row][vc_column][vc_column_text] 1. USO DE COOKIES. \u00bfQU\u00c9 SON LAS COOKIES? Las cookies son ficheros que se descargan en su Ordenador, Smartphone o Tablet al acceder a determinadas p\u00e1ginas web. La utilizaci\u00f3n de cookies, ofrece numerosas ventajas en la prestaci\u00f3n de servicios de la Sociedad de la Informaci\u00f3n, puesto que, entre otras: (a) [&hellip;]<\/p>\n","protected":false},"author":1,"featured_media":0,"parent":0,"menu_order":0,"comment_status":"closed","ping_status":"closed","template":"","meta":[],"yoast_head":"<!-- This site is optimized with the Yoast SEO plugin v19.4 - https:\/\/yoast.com\/wordpress\/plugins\/seo\/ -->\n<title>Politicas de Cookies - Wellness OTG<\/title>\n<meta name=\"robots\" content=\"index, follow, max-snippet:-1, max-image-preview:large, max-video-preview:-1\" \/>\n<link rel=\"canonical\" href=\"https:\/\/health.otg.global\/es\/politicas-de-cookies\/\" \/>\n<meta property=\"og:locale\" content=\"es_ES\" \/>\n<meta property=\"og:type\" content=\"article\" \/>\n<meta property=\"og:title\" content=\"Politicas de Cookies - Wellness OTG\" \/>\n<meta property=\"og:description\" content=\"[vc_row][vc_column][vc_column_text] Politicas de Cookies [\/vc_column_text][\/vc_column][\/vc_row][vc_row][vc_column][vc_column_text] 1. USO DE COOKIES. \u00bfQU\u00c9 SON LAS COOKIES? Las cookies son ficheros que se descargan en su Ordenador, Smartphone o Tablet al acceder a determinadas p\u00e1ginas web. La utilizaci\u00f3n de cookies, ofrece numerosas ventajas en la prestaci\u00f3n de servicios de la Sociedad de la Informaci\u00f3n, puesto que, entre otras: (a) [&hellip;]\" \/>\n<meta property=\"og:url\" content=\"https:\/\/health.otg.global\/es\/politicas-de-cookies\/\" \/>\n<meta property=\"og:site_name\" content=\"Wellness OTG\" \/>\n<meta property=\"article:modified_time\" content=\"2020-12-04T20:48:38+00:00\" \/>\n<meta property=\"og:image\" content=\"https:\/\/health.otg.global\/wp-content\/uploads\/2020\/09\/fb-otg-logo-wellness.jpg\" \/>\n\t<meta property=\"og:image:width\" content=\"540\" \/>\n\t<meta property=\"og:image:height\" content=\"284\" \/>\n\t<meta property=\"og:image:type\" content=\"image\/jpeg\" \/>\n<meta name=\"twitter:card\" content=\"summary_large_image\" \/>\n<meta name=\"twitter:label1\" content=\"Tiempo de lectura\" \/>\n\t<meta name=\"twitter:data1\" content=\"6 minutos\" \/>\n<script type=\"application\/ld+json\" class=\"yoast-schema-graph\">{\"@context\":\"https:\/\/schema.org\",\"@graph\":[{\"@type\":\"WebSite\",\"@id\":\"https:\/\/health.otg.global\/#website\",\"url\":\"https:\/\/health.otg.global\/\",\"name\":\"Wellness OTG\",\"description\":\"\",\"potentialAction\":[{\"@type\":\"SearchAction\",\"target\":{\"@type\":\"EntryPoint\",\"urlTemplate\":\"https:\/\/health.otg.global\/?s={search_term_string}\"},\"query-input\":\"required name=search_term_string\"}],\"inLanguage\":\"es\"},{\"@type\":\"WebPage\",\"@id\":\"https:\/\/health.otg.global\/es\/politicas-de-cookies\/\",\"url\":\"https:\/\/health.otg.global\/es\/politicas-de-cookies\/\",\"name\":\"Politicas de Cookies - Wellness OTG\",\"isPartOf\":{\"@id\":\"https:\/\/health.otg.global\/#website\"},\"datePublished\":\"2020-11-24T16:08:41+00:00\",\"dateModified\":\"2020-12-04T20:48:38+00:00\",\"breadcrumb\":{\"@id\":\"https:\/\/health.otg.global\/es\/politicas-de-cookies\/#breadcrumb\"},\"inLanguage\":\"es\",\"potentialAction\":[{\"@type\":\"ReadAction\",\"target\":[\"https:\/\/health.otg.global\/es\/politicas-de-cookies\/\"]}]},{\"@type\":\"BreadcrumbList\",\"@id\":\"https:\/\/health.otg.global\/es\/politicas-de-cookies\/#breadcrumb\",\"itemListElement\":[{\"@type\":\"ListItem\",\"position\":1,\"name\":\"Home\",\"item\":\"https:\/\/www.wellness.otg.global\/es\/\"},{\"@type\":\"ListItem\",\"position\":2,\"name\":\"Politicas de Cookies\"}]}]}<\/script>\n<!-- \/ Yoast SEO plugin. -->","yoast_head_json":{"title":"Politicas de Cookies - Wellness OTG","robots":{"index":"index","follow":"follow","max-snippet":"max-snippet:-1","max-image-preview":"max-image-preview:large","max-video-preview":"max-video-preview:-1"},"canonical":"https:\/\/health.otg.global\/es\/politicas-de-cookies\/","og_locale":"es_ES","og_type":"article","og_title":"Politicas de Cookies - Wellness OTG","og_description":"[vc_row][vc_column][vc_column_text] Politicas de Cookies [\/vc_column_text][\/vc_column][\/vc_row][vc_row][vc_column][vc_column_text] 1. USO DE COOKIES. \u00bfQU\u00c9 SON LAS COOKIES? Las cookies son ficheros que se descargan en su Ordenador, Smartphone o Tablet al acceder a determinadas p\u00e1ginas web. La utilizaci\u00f3n de cookies, ofrece numerosas ventajas en la prestaci\u00f3n de servicios de la Sociedad de la Informaci\u00f3n, puesto que, entre otras: (a) [&hellip;]","og_url":"https:\/\/health.otg.global\/es\/politicas-de-cookies\/","og_site_name":"Wellness OTG","article_modified_time":"2020-12-04T20:48:38+00:00","og_image":[{"width":540,"height":284,"url":"https:\/\/health.otg.global\/wp-content\/uploads\/2020\/09\/fb-otg-logo-wellness.jpg","type":"image\/jpeg"}],"twitter_card":"summary_large_image","twitter_misc":{"Tiempo de lectura":"6 minutos"},"schema":{"@context":"https:\/\/schema.org","@graph":[{"@type":"WebSite","@id":"https:\/\/health.otg.global\/#website","url":"https:\/\/health.otg.global\/","name":"Wellness OTG","description":"","potentialAction":[{"@type":"SearchAction","target":{"@type":"EntryPoint","urlTemplate":"https:\/\/health.otg.global\/?s={search_term_string}"},"query-input":"required name=search_term_string"}],"inLanguage":"es"},{"@type":"WebPage","@id":"https:\/\/health.otg.global\/es\/politicas-de-cookies\/","url":"https:\/\/health.otg.global\/es\/politicas-de-cookies\/","name":"Politicas de Cookies - Wellness OTG","isPartOf":{"@id":"https:\/\/health.otg.global\/#website"},"datePublished":"2020-11-24T16:08:41+00:00","dateModified":"2020-12-04T20:48:38+00:00","breadcrumb":{"@id":"https:\/\/health.otg.global\/es\/politicas-de-cookies\/#breadcrumb"},"inLanguage":"es","potentialAction":[{"@type":"ReadAction","target":["https:\/\/health.otg.global\/es\/politicas-de-cookies\/"]}]},{"@type":"BreadcrumbList","@id":"https:\/\/health.otg.global\/es\/politicas-de-cookies\/#breadcrumb","itemListElement":[{"@type":"ListItem","position":1,"name":"Home","item":"https:\/\/www.wellness.otg.global\/es\/"},{"@type":"ListItem","position":2,"name":"Politicas de Cookies"}]}]}},"_links":{"self":[{"href":"https:\/\/health.otg.global\/es\/wp-json\/wp\/v2\/pages\/1777"}],"collection":[{"href":"https:\/\/health.otg.global\/es\/wp-json\/wp\/v2\/pages"}],"about":[{"href":"https:\/\/health.otg.global\/es\/wp-json\/wp\/v2\/types\/page"}],"author":[{"embeddable":true,"href":"https:\/\/health.otg.global\/es\/wp-json\/wp\/v2\/users\/1"}],"replies":[{"embeddable":true,"href":"https:\/\/health.otg.global\/es\/wp-json\/wp\/v2\/comments?post=1777"}],"version-history":[{"count":4,"href":"https:\/\/health.otg.global\/es\/wp-json\/wp\/v2\/pages\/1777\/revisions"}],"predecessor-version":[{"id":1787,"href":"https:\/\/health.otg.global\/es\/wp-json\/wp\/v2\/pages\/1777\/revisions\/1787"}],"wp:attachment":[{"href":"https:\/\/health.otg.global\/es\/wp-json\/wp\/v2\/media?parent=1777"}],"curies":[{"name":"wp","href":"https:\/\/api.w.org\/{rel}","templated":true}]}}