{"id":1735,"date":"2020-09-18T20:55:13","date_gmt":"2020-09-18T20:55:13","guid":{"rendered":"http:\/\/wellness.otg.global\/?page_id=1735"},"modified":"2020-09-18T23:07:47","modified_gmt":"2020-09-18T23:07:47","slug":"documents","status":"publish","type":"page","link":"https:\/\/health.otg.global\/es\/documents\/","title":{"rendered":"Documentos"},"content":{"rendered":"<p>[vc_row css=\u00bb.vc_custom_1600469324629{margin-bottom: 40px !important;}\u00bb][vc_column][vc_custom_heading text=\u00bbDocumentos PDF\u00bb font_container=\u00bbtag:h3|text_align:left\u00bb use_theme_fonts=\u00bbyes\u00bb][\/vc_column][\/vc_row][vc_row css=\u00bb.vc_custom_1600469328437{margin-top: 30px !important;margin-bottom: 40px !important;}\u00bb][vc_column width=\u00bb1\/3&#8243;][vc_single_image image=\u00bb1017&#8243; img_size=\u00bbfull\u00bb onclick=\u00bbcustom_link\u00bb img_link_target=\u00bb_blank\u00bb link=\u00bbhttp:\/\/wellness.otg.global\/wp-content\/uploads\/2020\/08\/1-ALL-TOGETHER-wellness-more-info-ES.pdf\u00bb][\/vc_column][vc_column width=\u00bb2\/3&#8243;][vc_column_text]Estamos muy contentos de presentarte esta secci\u00f3n de documentos, donde podr\u00e1s encontrar varios archivos en PDF sobre los productos de Pharmanex, que pueden servirte de gu\u00eda para tu negocio.<br \/>\n\u00a1Esperamos que te resulten de utilidad y los disfrutes![\/vc_column_text][\/vc_column][\/vc_row][vc_row css=\u00bb.vc_custom_1600469345529{margin-top: 60px !important;margin-bottom: 50px !important;}\u00bb][vc_column][vc_custom_heading text=\u00bbPDF por Productos\u00bb font_container=\u00bbtag:h3|text_align:left\u00bb use_theme_fonts=\u00bbyes\u00bb css=\u00bb.vc_custom_1600462878942{margin-top: 60px !important;margin-bottom: 50px !important;}\u00bb][\/vc_column][\/vc_row]<\/p>\n","protected":false},"excerpt":{"rendered":"<p>[vc_row css=\u00bb.vc_custom_1600469324629{margin-bottom: 40px !important;}\u00bb][vc_column][vc_custom_heading text=\u00bbDocumentos PDF\u00bb font_container=\u00bbtag:h3|text_align:left\u00bb use_theme_fonts=\u00bbyes\u00bb][\/vc_column][\/vc_row][vc_row css=\u00bb.vc_custom_1600469328437{margin-top: 30px !important;margin-bottom: 40px !important;}\u00bb][vc_column width=\u00bb1\/3&#8243;][vc_single_image image=\u00bb1017&#8243; img_size=\u00bbfull\u00bb onclick=\u00bbcustom_link\u00bb img_link_target=\u00bb_blank\u00bb link=\u00bbhttp:\/\/wellness.otg.global\/wp-content\/uploads\/2020\/08\/1-ALL-TOGETHER-wellness-more-info-ES.pdf\u00bb][\/vc_column][vc_column width=\u00bb2\/3&#8243;][vc_column_text]Estamos muy contentos de presentarte esta secci\u00f3n de documentos, donde podr\u00e1s encontrar varios archivos en PDF sobre los productos de Pharmanex, que pueden servirte de gu\u00eda para tu negocio. \u00a1Esperamos que te resulten de utilidad y [&hellip;]<\/p>\n","protected":false},"author":1,"featured_media":0,"parent":0,"menu_order":0,"comment_status":"closed","ping_status":"closed","template":"page-pdf.php","meta":[],"yoast_head":"<!-- This site is optimized with the Yoast SEO plugin v19.4 - https:\/\/yoast.com\/wordpress\/plugins\/seo\/ -->\n<title>Documentos - Wellness OTG<\/title>\n<meta name=\"robots\" content=\"index, follow, max-snippet:-1, max-image-preview:large, max-video-preview:-1\" \/>\n<link rel=\"canonical\" href=\"https:\/\/health.otg.global\/es\/documents\/\" \/>\n<meta property=\"og:locale\" content=\"es_ES\" \/>\n<meta property=\"og:type\" content=\"article\" \/>\n<meta property=\"og:title\" content=\"Documentos - Wellness OTG\" \/>\n<meta property=\"og:description\" content=\"[vc_row css=\u00bb.vc_custom_1600469324629{margin-bottom: 40px !important;}\u00bb][vc_column][vc_custom_heading text=\u00bbDocumentos PDF\u00bb font_container=\u00bbtag:h3|text_align:left\u00bb use_theme_fonts=\u00bbyes\u00bb][\/vc_column][\/vc_row][vc_row css=\u00bb.vc_custom_1600469328437{margin-top: 30px !important;margin-bottom: 40px !important;}\u00bb][vc_column width=\u00bb1\/3&#8243;][vc_single_image image=\u00bb1017&#8243; img_size=\u00bbfull\u00bb onclick=\u00bbcustom_link\u00bb img_link_target=\u00bb_blank\u00bb link=\u00bbhttp:\/\/wellness.otg.global\/wp-content\/uploads\/2020\/08\/1-ALL-TOGETHER-wellness-more-info-ES.pdf\u00bb][\/vc_column][vc_column width=\u00bb2\/3&#8243;][vc_column_text]Estamos muy contentos de presentarte esta secci\u00f3n de documentos, donde podr\u00e1s encontrar varios archivos en PDF sobre los productos de Pharmanex, que pueden servirte de gu\u00eda para tu negocio. \u00a1Esperamos que te resulten de utilidad y [&hellip;]\" \/>\n<meta property=\"og:url\" content=\"https:\/\/health.otg.global\/es\/documents\/\" \/>\n<meta property=\"og:site_name\" content=\"Wellness OTG\" \/>\n<meta property=\"article:modified_time\" content=\"2020-09-18T23:07:47+00:00\" \/>\n<meta property=\"og:image\" content=\"https:\/\/health.otg.global\/wp-content\/uploads\/2020\/09\/fb-otg-logo-wellness.jpg\" \/>\n\t<meta property=\"og:image:width\" content=\"540\" \/>\n\t<meta property=\"og:image:height\" content=\"284\" \/>\n\t<meta property=\"og:image:type\" content=\"image\/jpeg\" \/>\n<meta name=\"twitter:card\" content=\"summary_large_image\" \/>\n<meta name=\"twitter:label1\" content=\"Tiempo de lectura\" \/>\n\t<meta name=\"twitter:data1\" content=\"1 minuto\" \/>\n<script type=\"application\/ld+json\" class=\"yoast-schema-graph\">{\"@context\":\"https:\/\/schema.org\",\"@graph\":[{\"@type\":\"WebSite\",\"@id\":\"http:\/\/34.235.57.152\/#website\",\"url\":\"http:\/\/34.235.57.152\/\",\"name\":\"Wellness OTG\",\"description\":\"\",\"potentialAction\":[{\"@type\":\"SearchAction\",\"target\":{\"@type\":\"EntryPoint\",\"urlTemplate\":\"http:\/\/34.235.57.152\/?s={search_term_string}\"},\"query-input\":\"required name=search_term_string\"}],\"inLanguage\":\"es\"},{\"@type\":\"WebPage\",\"@id\":\"https:\/\/health.otg.global\/es\/documents\/\",\"url\":\"https:\/\/health.otg.global\/es\/documents\/\",\"name\":\"Documentos - Wellness OTG\",\"isPartOf\":{\"@id\":\"http:\/\/34.235.57.152\/#website\"},\"datePublished\":\"2020-09-18T20:55:13+00:00\",\"dateModified\":\"2020-09-18T23:07:47+00:00\",\"breadcrumb\":{\"@id\":\"https:\/\/health.otg.global\/es\/documents\/#breadcrumb\"},\"inLanguage\":\"es\",\"potentialAction\":[{\"@type\":\"ReadAction\",\"target\":[\"https:\/\/health.otg.global\/es\/documents\/\"]}]},{\"@type\":\"BreadcrumbList\",\"@id\":\"https:\/\/health.otg.global\/es\/documents\/#breadcrumb\",\"itemListElement\":[{\"@type\":\"ListItem\",\"position\":1,\"name\":\"Home\",\"item\":\"https:\/\/wellness.otg.global\/es\/\"},{\"@type\":\"ListItem\",\"position\":2,\"name\":\"Documentos\"}]}]}<\/script>\n<!-- \/ Yoast SEO plugin. -->","yoast_head_json":{"title":"Documentos - Wellness OTG","robots":{"index":"index","follow":"follow","max-snippet":"max-snippet:-1","max-image-preview":"max-image-preview:large","max-video-preview":"max-video-preview:-1"},"canonical":"https:\/\/health.otg.global\/es\/documents\/","og_locale":"es_ES","og_type":"article","og_title":"Documentos - Wellness OTG","og_description":"[vc_row css=\u00bb.vc_custom_1600469324629{margin-bottom: 40px !important;}\u00bb][vc_column][vc_custom_heading text=\u00bbDocumentos PDF\u00bb font_container=\u00bbtag:h3|text_align:left\u00bb use_theme_fonts=\u00bbyes\u00bb][\/vc_column][\/vc_row][vc_row css=\u00bb.vc_custom_1600469328437{margin-top: 30px !important;margin-bottom: 40px !important;}\u00bb][vc_column width=\u00bb1\/3&#8243;][vc_single_image image=\u00bb1017&#8243; img_size=\u00bbfull\u00bb onclick=\u00bbcustom_link\u00bb img_link_target=\u00bb_blank\u00bb link=\u00bbhttp:\/\/wellness.otg.global\/wp-content\/uploads\/2020\/08\/1-ALL-TOGETHER-wellness-more-info-ES.pdf\u00bb][\/vc_column][vc_column width=\u00bb2\/3&#8243;][vc_column_text]Estamos muy contentos de presentarte esta secci\u00f3n de documentos, donde podr\u00e1s encontrar varios archivos en PDF sobre los productos de Pharmanex, que pueden servirte de gu\u00eda para tu negocio. \u00a1Esperamos que te resulten de utilidad y [&hellip;]","og_url":"https:\/\/health.otg.global\/es\/documents\/","og_site_name":"Wellness OTG","article_modified_time":"2020-09-18T23:07:47+00:00","og_image":[{"width":540,"height":284,"url":"https:\/\/health.otg.global\/wp-content\/uploads\/2020\/09\/fb-otg-logo-wellness.jpg","type":"image\/jpeg"}],"twitter_card":"summary_large_image","twitter_misc":{"Tiempo de lectura":"1 minuto"},"schema":{"@context":"https:\/\/schema.org","@graph":[{"@type":"WebSite","@id":"http:\/\/34.235.57.152\/#website","url":"http:\/\/34.235.57.152\/","name":"Wellness OTG","description":"","potentialAction":[{"@type":"SearchAction","target":{"@type":"EntryPoint","urlTemplate":"http:\/\/34.235.57.152\/?s={search_term_string}"},"query-input":"required name=search_term_string"}],"inLanguage":"es"},{"@type":"WebPage","@id":"https:\/\/health.otg.global\/es\/documents\/","url":"https:\/\/health.otg.global\/es\/documents\/","name":"Documentos - Wellness OTG","isPartOf":{"@id":"http:\/\/34.235.57.152\/#website"},"datePublished":"2020-09-18T20:55:13+00:00","dateModified":"2020-09-18T23:07:47+00:00","breadcrumb":{"@id":"https:\/\/health.otg.global\/es\/documents\/#breadcrumb"},"inLanguage":"es","potentialAction":[{"@type":"ReadAction","target":["https:\/\/health.otg.global\/es\/documents\/"]}]},{"@type":"BreadcrumbList","@id":"https:\/\/health.otg.global\/es\/documents\/#breadcrumb","itemListElement":[{"@type":"ListItem","position":1,"name":"Home","item":"https:\/\/wellness.otg.global\/es\/"},{"@type":"ListItem","position":2,"name":"Documentos"}]}]}},"_links":{"self":[{"href":"https:\/\/health.otg.global\/es\/wp-json\/wp\/v2\/pages\/1735"}],"collection":[{"href":"https:\/\/health.otg.global\/es\/wp-json\/wp\/v2\/pages"}],"about":[{"href":"https:\/\/health.otg.global\/es\/wp-json\/wp\/v2\/types\/page"}],"author":[{"embeddable":true,"href":"https:\/\/health.otg.global\/es\/wp-json\/wp\/v2\/users\/1"}],"replies":[{"embeddable":true,"href":"https:\/\/health.otg.global\/es\/wp-json\/wp\/v2\/comments?post=1735"}],"version-history":[{"count":8,"href":"https:\/\/health.otg.global\/es\/wp-json\/wp\/v2\/pages\/1735\/revisions"}],"predecessor-version":[{"id":1770,"href":"https:\/\/health.otg.global\/es\/wp-json\/wp\/v2\/pages\/1735\/revisions\/1770"}],"wp:attachment":[{"href":"https:\/\/health.otg.global\/es\/wp-json\/wp\/v2\/media?parent=1735"}],"curies":[{"name":"wp","href":"https:\/\/api.w.org\/{rel}","templated":true}]}}