{"id":1159,"date":"2020-07-16T22:55:23","date_gmt":"2020-07-16T22:55:23","guid":{"rendered":"http:\/\/wellness.otg.global\/s3biophotonic-scanner\/"},"modified":"2025-10-21T18:58:38","modified_gmt":"2025-10-21T18:58:38","slug":"s3biophotonic-scanner","status":"publish","type":"page","link":"https:\/\/health.otg.global\/es\/s3biophotonic-scanner\/","title":{"rendered":"El BioPhotonic Scanner S3"},"content":{"rendered":"<p>[vc_row css=\u00bb.vc_custom_1595604797809{margin-bottom: 25px !important;}\u00bb][vc_column][vc_custom_heading text=\u00bb\u00bfQu\u00e9 es el BioPhotonic Scanner?\u00bb font_container=\u00bbtag:h3|text_align:left\u00bb use_theme_fonts=\u00bbyes\u00bb][\/vc_column][\/vc_row][vc_row css=\u00bb.vc_custom_1597073493195{margin-bottom: 30px !important;}\u00bb][vc_column width=\u00bb2\/3&#8243; css=\u00bb.vc_custom_1597072955233{margin-top: 25px !important;}\u00bb][vc_column_text]El <strong>BioPhotonic Scanner de Pharmanex<\/strong> es una herramienta \u00fanica que mide los niveles de carotenoides en el tejido cut\u00e1neo de un modo no invasivo, usando la reconocida ciencia de la Espectroscopia Raman. Simplemente colocando la palma de su mano frente a la luz azulada de baja intensidad del Esc\u00e1ner, podr\u00e1 conocer su Nivel de Carotenoides en la Piel (SCS) en pocos segundos.<\/p>\n<p>&nbsp;<\/p>\n<p>Los carotenoides son pigmentos org\u00e1nicos que se encuentran en frutas y verduras y son los principales responsables de su color rojo, naranja y amarillo. Cuanto m\u00e1s coloridas sean las frutas y verduras que usted coma, y m\u00e1s carotenoides est\u00e9 aportando a su cuerpo, mayor ser\u00e1 su puntuaci\u00f3n SCS[\/vc_column_text][\/vc_column][vc_column width=\u00bb1\/3&#8243;][vc_single_image image=\u00bb630&#8243; img_size=\u00bb240&#215;237&#8243; alignment=\u00bbcenter\u00bb][\/vc_column][\/vc_row][vc_row css=\u00bb.vc_custom_1595604896278{margin-bottom: 75px !important;}\u00bb][vc_column width=\u00bb1\/2&#8243; css=\u00bb.vc_custom_1596802802974{margin-top: 20px !important;}\u00bb][vc_video link=\u00bbhttps:\/\/vimeo.com\/1092528160\/612d5008c1?ts=0&#038;share=copy\u00bb][vc_column_text]<\/p>\n<p class=\"title style-scope ytd-video-primary-info-renderer\" style=\"text-align: left;\"><strong>Presentaci\u00f3n del bioPhotonic Scanner S3 de Pharmanex<\/strong><\/p>\n<p>[\/vc_column_text][\/vc_column][vc_column width=\u00bb1\/2&#8243;][vc_custom_heading text=\u00bbEste es el futuro de la nutrici\u00f3n.\u00bb font_container=\u00bbtag:h3|text_align:left\u00bb use_theme_fonts=\u00bbyes\u00bb][vc_raw_html]JTNDcCUyMHN0eWxlJTNEJTIybWFyZ2luLXRvcCUzQTIwcHglM0IlMjBtYXJnaW4tYm90dG9tJTNBLTIwcHglMjIlM0UlQzIlQkZEJUMzJUIzbmRlJTIwcHVlZG8lMjBoYWNlcm1lJTIwZWwlMjBlc2NhbmVvJTNGJTNDJTJGcCUzRSUwQQ==[\/vc_raw_html][vc_raw_html]JTNDYSUyMGhyZWYlM0QlMjJodHRwcyUzQSUyRiUyRmV2ZW50cy5vdGcuZ2xvYmFsJTIyJTIwdGFyZ2V0JTNEJTIyX2JsYW5rJTIyJTNFJTNDYnV0dG9uJTIwc3R5bGUlM0QlMjJiYWNrZ3JvdW5kJTNBJTIwJTIzOUNBRDIxJTNCJTIwcGFkZGluZyUzQSUyMDVweCUyMDE1cHglM0IlMjBib3JkZXIlM0Fub25lJTNCJTIwZGlzcGxheSUzQWZsZXglM0IlMjBnYXAlM0E1cHglM0IlMjBhbGlnbi1pdGVtcyUzQWNlbnRlciUzQiUyMGp1c3RpZnktY29udGVudCUzQXNwYWNlLWJldHdlZW4lM0IlMjB3aWR0aCUzQSUyMDEwMCUyNSUzQiUyMG1heC13aWR0aCUzQSUyMDQwMHB4JTNCJTIwJTIwY29sb3IlM0F3aGl0ZSUyMiUzRSUzQ2IlM0VIYXolMjBjbGljJTIwYXF1JUMzJUFEJTIweSUyMHNlbGVjY2lvbmElMjB0dSUyMHBhJUMzJUFEcyUyMHBhcmElMjB2ZXIlMjBsb3MlMjBldmVudG9zJTJGdWJpY2FjaW9uZXMlMjBkZWwlMjBTY2FubmVyJTNDJTJGYiUzRSUzQ2ltZyUyMGFsdCUzRCUyMmFycm93JTIyJTIwc3JjJTNEJTIyaHR0cCUzQSUyRiUyRndlbGxuZXNzLm90Zy5nbG9iYWwlMkZ3cC1jb250ZW50JTJGdXBsb2FkcyUyRjIwMjUlMkYwNiUyRlRyYXphZG8tMS5wbmclMjIlMjB3aWR0aCUzRCUyNzEwcHglMjclMkYlM0UlM0MlMkZidXR0b24lM0UlM0MlMkZhJTNF[\/vc_raw_html][vc_raw_html]JTNDZGl2JTIwY2xhc3MlM0QlMjJkLWZsZXglMjBhbGlnbi1pdGVtcy1jZW50ZXIlMjIlMjBzdHlsZSUzRCUyMmdhcCUzQTEwcHglMjIlM0UlMEElMEElM0NhJTBBJTIwJTIwJTIwJTIwJTIwJTIwJTIwJTIwdGl0bGUlM0QlMjJGaW5sYW5kJTIyJTBBJTIwJTIwJTIwJTIwJTIwJTIwJTIwJTIwaHJlZiUzRCUyMmh0dHBzJTNBJTJGJTJGZXZlbnRzLm90Zy5nbG9iYWwlMkZldmVudHMlMkZtb250aCUyRiUzRmhlYWRlcl9sYW5nJTNEZW4lMjZ0cmliZV9ldmVudGNhdGVnb3J5JTNENjElMjZzZWxlY3RlZENvdW50cnklM0RGaW5sYW5kJTIyJTBBJTIwJTIwJTIwJTIwJTIwJTIwJTIwJTIwdGFyZ2V0JTNEJTIyX2JsYW5rJTIyJTBBJTIwJTIwJTIwJTIwJTIwJTIwJTIwJTIwJTNFJTNDaW1nJTBBJTIwJTIwJTIwJTIwJTIwJTIwJTIwJTIwJTIwJTIwYWx0JTNEJTIyRmlubGFuZCUyMiUwQSUyMCUyMCUyMCUyMCUyMCUyMCUyMCUyMCUyMCUyMHdpZHRoJTNEJTIyNDBweCUyMiUwQSUyMCUyMCUyMCUyMCUyMCUyMCUyMCUyMCUyMCUyMHNyYyUzRCUyMmh0dHAlM0ElMkYlMkZ3ZWxsbmVzcy5vdGcuZ2xvYmFsJTJGd3AtY29udGVudCUyRnVwbG9hZHMlMkYyMDI1JTJGMDYlMkZGaW5sYW5kaWEucG5nJTIyJTBBJTIwJTIwJTIwJTIwJTIwJTIwJTJGJTNFJTNDJTJGYSUzRSUwQSUyMCUyMCUyMCUyMCUyMCUyMCUzQ2ElMEElMjAlMjAlMjAlMjAlMjAlMjAlMjAlMjB0aXRsZSUzRCUyMlN3ZWRlbiUyMiUwQSUyMCUyMCUyMCUyMCUyMCUyMCUyMCUyMHRhcmdldCUzRCUyMl9ibGFuayUyMiUwQSUyMCUyMCUyMCUyMCUyMCUyMCUyMCUyMGhyZWYlM0QlMjJodHRwcyUzQSUyRiUyRmV2ZW50cy5vdGcuZ2xvYmFsJTJGZXZlbnRzJTJGbW9udGglMkYlM0ZoZWFkZXJfbGFuZyUzRGVuJTI2dHJpYmVfZXZlbnRjYXRlZ29yeSUzRDYxJTI2c2VsZWN0ZWRDb3VudHJ5JTNEU3dlZGVuJTIyJTBBJTIwJTIwJTIwJTIwJTIwJTIwJTIwJTIwJTNFJTNDaW1nJTBBJTIwJTIwJTIwJTIwJTIwJTIwJTIwJTIwJTIwJTIwYWx0JTNEJTIyU3dlZGVuJTIyJTBBJTIwJTIwJTIwJTIwJTIwJTIwJTIwJTIwJTIwJTIwd2lkdGglM0QlMjI0MHB4JTIyJTBBJTIwJTIwJTIwJTIwJTIwJTIwJTIwJTIwJTIwJTIwc3JjJTNEJTIyaHR0cCUzQSUyRiUyRndlbGxuZXNzLm90Zy5nbG9iYWwlMkZ3cC1jb250ZW50JTJGdXBsb2FkcyUyRjIwMjUlMkYwNiUyRlN1ZWNpYS5wbmclMjIlMEElMjAlMjAlMjAlMjAlMjAlMjAlMkYlM0UlM0MlMkZhJTNFJTBBJTIwJTIwJTIwJTIwJTIwJTIwJTNDYSUwQSUyMCUyMCUyMCUyMCUyMCUyMCUyMCUyMHRpdGxlJTNEJTIyRnJhbmNlJTIyJTBBJTIwJTIwJTIwJTIwJTIwJTIwJTIwJTIwdGFyZ2V0JTNEJTIyX2JsYW5rJTIyJTBBJTIwJTIwJTIwJTIwJTIwJTIwJTIwJTIwaHJlZiUzRCUyMmh0dHBzJTNBJTJGJTJGZXZlbnRzLm90Zy5nbG9iYWwlMkZldmVudHMlMkZtb250aCUyRiUzRmhlYWRlcl9sYW5nJTNEZnIlMjZ0cmliZV9ldmVudGNhdGVnb3J5JTNENjElMjZzZWxlY3RlZENvdW50cnklM0RGcmFuY2UlMjIlMEElMjAlMjAlMjAlMjAlMjAlMjAlMjAlMjAlM0UlM0NpbWclMEElMjAlMjAlMjAlMjAlMjAlMjAlMjAlMjAlMjAlMjBhbHQlM0QlMjJGcmFuY2UlMjIlMEElMjAlMjAlMjAlMjAlMjAlMjAlMjAlMjAlMjAlMjB3aWR0aCUzRCUyMjQwcHglMjIlMEElMjAlMjAlMjAlMjAlMjAlMjAlMjAlMjAlMjAlMjBzcmMlM0QlMjJodHRwJTNBJTJGJTJGd2VsbG5lc3Mub3RnLmdsb2JhbCUyRndwLWNvbnRlbnQlMkZ1cGxvYWRzJTJGMjAyNSUyRjA2JTJGRnJhbmNpYS5wbmclMjIlMEElMjAlMjAlMjAlMjAlMjAlMjAlMkYlM0UlM0MlMkZhJTNFJTBBJTIwJTIwJTIwJTIwJTIwJTIwJTNDYSUwQSUyMCUyMCUyMCUyMCUyMCUyMCUyMCUyMHRpdGxlJTNEJTIyU3BhaW4lMjIlMEElMjAlMjAlMjAlMjAlMjAlMjAlMjAlMjB0YXJnZXQlM0QlMjJfYmxhbmslMjIlMEElMjAlMjAlMjAlMjAlMjAlMjAlMjAlMjBocmVmJTNEJTIyaHR0cHMlM0ElMkYlMkZldmVudHMub3RnLmdsb2JhbCUyRmV2ZW50cyUyRm1vbnRoJTJGJTNGaGVhZGVyX2xhbmclM0RlcyUyNnRyaWJlX2V2ZW50Y2F0ZWdvcnklM0Q2MSUyNnNlbGVjdGVkQ291bnRyeSUzREVzcGElQzMlQjFhJTIyJTBBJTIwJTIwJTIwJTIwJTIwJTIwJTIwJTIwJTNFJTNDaW1nJTBBJTIwJTIwJTIwJTIwJTIwJTIwJTIwJTIwJTIwJTIwYWx0JTNEJTIyU3BhaW4lMjIlMEElMjAlMjAlMjAlMjAlMjAlMjAlMjAlMjAlMjAlMjB3aWR0aCUzRCUyMjQwcHglMjIlMEElMjAlMjAlMjAlMjAlMjAlMjAlMjAlMjAlMjAlMjBzcmMlM0QlMjJodHRwJTNBJTJGJTJGd2VsbG5lc3Mub3RnLmdsb2JhbCUyRndwLWNvbnRlbnQlMkZ1cGxvYWRzJTJGMjAyNSUyRjA2JTJGRXNwYW5hLnBuZyUyMiUwQSUyMCUyMCUyMCUyMCUyMCUyMCUyRiUzRSUzQyUyRmElM0UlMEElMjAlMjAlMjAlMjAlMjAlMjAlM0NhJTBBJTIwJTIwJTIwJTIwJTIwJTIwJTIwJTIwdGl0bGUlM0QlMjJOb3J3YXklMjIlMEElMjAlMjAlMjAlMjAlMjAlMjAlMjAlMjB0YXJnZXQlM0QlMjJfYmxhbmslMjIlMEElMjAlMjAlMjAlMjAlMjAlMjAlMjAlMjBocmVmJTNEJTIyaHR0cHMlM0ElMkYlMkZldmVudHMub3RnLmdsb2JhbCUyRmV2ZW50cyUyRm1vbnRoJTJGJTNGaGVhZGVyX2xhbmclM0RlbiUyNnRyaWJlX2V2ZW50Y2F0ZWdvcnklM0Q2MSUyNnNlbGVjdGVkQ291bnRyeSUzRE5vcndheSUyMiUwQSUyMCUyMCUyMCUyMCUyMCUyMCUyMCUyMCUzRSUzQ2ltZyUwQSUyMCUyMCUyMCUyMCUyMCUyMCUyMCUyMCUyMCUyMGFsdCUzRCUyMk5vcndheSUyMiUwQSUyMCUyMCUyMCUyMCUyMCUyMCUyMCUyMCUyMCUyMHdpZHRoJTNEJTIyNDBweCUyMiUwQSUyMCUyMCUyMCUyMCUyMCUyMCUyMCUyMCUyMCUyMHNyYyUzRCUyMmh0dHAlM0ElMkYlMkZ3ZWxsbmVzcy5vdGcuZ2xvYmFsJTJGd3AtY29udGVudCUyRnVwbG9hZHMlMkYyMDI1JTJGMDYlMkZOb3J1ZWdhLnBuZyUyMiUwQSUyMCUyMCUyMCUyMCUyMCUyMCUyRiUzRSUzQyUyRmElM0UlMEElMjAlMjAlMjAlMjAlMjAlMjAlM0NhJTBBJTIwJTIwJTIwJTIwJTIwJTIwJTIwJTIwdGl0bGUlM0QlMjJVSyUyMiUwQSUyMCUyMCUyMCUyMCUyMCUyMCUyMCUyMHRhcmdldCUzRCUyMl9ibGFuayUyMiUwQSUyMCUyMCUyMCUyMCUyMCUyMCUyMCUyMGhyZWYlM0QlMjJodHRwcyUzQSUyRiUyRmV2ZW50cy5vdGcuZ2xvYmFsJTJGZXZlbnRzJTJGbW9udGglMkYlM0ZoZWFkZXJfbGFuZyUzRGVuJTI2dHJpYmVfZXZlbnRjYXRlZ29yeSUzRDYxJTI2c2VsZWN0ZWRDb3VudHJ5JTNEVW5pdGVkJTIwS2luZ2RvbSUyMiUwQSUyMCUyMCUyMCUyMCUyMCUyMCUyMCUyMCUzRSUzQ2ltZyUwQSUyMCUyMCUyMCUyMCUyMCUyMCUyMCUyMCUyMCUyMGFsdCUzRCUyMlVLJTIyJTBBJTIwJTIwJTIwJTIwJTIwJTIwJTIwJTIwJTIwJTIwd2lkdGglM0QlMjI0MHB4JTIyJTBBJTIwJTIwJTIwJTIwJTIwJTIwJTIwJTIwJTIwJTIwc3JjJTNEJTIyaHR0cCUzQSUyRiUyRndlbGxuZXNzLm90Zy5nbG9iYWwlMkZ3cC1jb250ZW50JTJGdXBsb2FkcyUyRjIwMjUlMkYwNiUyRkluZ2xhdGVycmEucG5nJTIyJTBBJTIwJTIwJTIwJTIwJTIwJTIwJTJGJTNFJTNDJTJGYSUzRSUwQSUwQSUzQyUyRmRpdiUzRSUwQQ==[\/vc_raw_html][\/vc_column][\/vc_row]<\/p>\n","protected":false},"excerpt":{"rendered":"<p>[vc_row css=\u00bb.vc_custom_1595604797809{margin-bottom: 25px !important;}\u00bb][vc_column][vc_custom_heading text=\u00bb\u00bfQu\u00e9 es el BioPhotonic Scanner?\u00bb font_container=\u00bbtag:h3|text_align:left\u00bb use_theme_fonts=\u00bbyes\u00bb][\/vc_column][\/vc_row][vc_row css=\u00bb.vc_custom_1597073493195{margin-bottom: 30px !important;}\u00bb][vc_column width=\u00bb2\/3&#8243; css=\u00bb.vc_custom_1597072955233{margin-top: 25px !important;}\u00bb][vc_column_text]El BioPhotonic Scanner de Pharmanex es una herramienta \u00fanica que mide los niveles de carotenoides en el tejido cut\u00e1neo de un modo no invasivo, usando la reconocida ciencia de la Espectroscopia Raman. Simplemente colocando la palma de su [&hellip;]<\/p>\n","protected":false},"author":1,"featured_media":0,"parent":0,"menu_order":0,"comment_status":"closed","ping_status":"closed","template":"page-notitle.php","meta":[],"yoast_head":"<!-- This site is optimized with the Yoast SEO plugin v19.4 - https:\/\/yoast.com\/wordpress\/plugins\/seo\/ -->\n<title>El BioPhotonic Scanner S3 - Wellness OTG<\/title>\n<meta name=\"robots\" content=\"index, follow, max-snippet:-1, max-image-preview:large, max-video-preview:-1\" \/>\n<link rel=\"canonical\" href=\"https:\/\/health.otg.global\/es\/s3biophotonic-scanner\/\" \/>\n<meta property=\"og:locale\" content=\"es_ES\" \/>\n<meta property=\"og:type\" content=\"article\" \/>\n<meta property=\"og:title\" content=\"El BioPhotonic Scanner S3 - Wellness OTG\" \/>\n<meta property=\"og:description\" content=\"[vc_row css=\u00bb.vc_custom_1595604797809{margin-bottom: 25px !important;}\u00bb][vc_column][vc_custom_heading text=\u00bb\u00bfQu\u00e9 es el BioPhotonic Scanner?\u00bb font_container=\u00bbtag:h3|text_align:left\u00bb use_theme_fonts=\u00bbyes\u00bb][\/vc_column][\/vc_row][vc_row css=\u00bb.vc_custom_1597073493195{margin-bottom: 30px !important;}\u00bb][vc_column width=\u00bb2\/3&#8243; css=\u00bb.vc_custom_1597072955233{margin-top: 25px !important;}\u00bb][vc_column_text]El BioPhotonic Scanner de Pharmanex es una herramienta \u00fanica que mide los niveles de carotenoides en el tejido cut\u00e1neo de un modo no invasivo, usando la reconocida ciencia de la Espectroscopia Raman. Simplemente colocando la palma de su [&hellip;]\" \/>\n<meta property=\"og:url\" content=\"https:\/\/health.otg.global\/es\/s3biophotonic-scanner\/\" \/>\n<meta property=\"og:site_name\" content=\"Wellness OTG\" \/>\n<meta property=\"article:modified_time\" content=\"2025-10-21T18:58:38+00:00\" \/>\n<meta property=\"og:image\" content=\"https:\/\/health.otg.global\/wp-content\/uploads\/2020\/09\/fb-otg-logo-wellness.jpg\" \/>\n\t<meta property=\"og:image:width\" content=\"540\" \/>\n\t<meta property=\"og:image:height\" content=\"284\" \/>\n\t<meta property=\"og:image:type\" content=\"image\/jpeg\" \/>\n<meta name=\"twitter:card\" content=\"summary_large_image\" \/>\n<meta name=\"twitter:label1\" content=\"Tiempo de lectura\" \/>\n\t<meta name=\"twitter:data1\" content=\"3 minutos\" \/>\n<script type=\"application\/ld+json\" class=\"yoast-schema-graph\">{\"@context\":\"https:\/\/schema.org\",\"@graph\":[{\"@type\":\"WebSite\",\"@id\":\"http:\/\/34.235.57.152\/#website\",\"url\":\"http:\/\/34.235.57.152\/\",\"name\":\"Wellness OTG\",\"description\":\"\",\"potentialAction\":[{\"@type\":\"SearchAction\",\"target\":{\"@type\":\"EntryPoint\",\"urlTemplate\":\"http:\/\/34.235.57.152\/?s={search_term_string}\"},\"query-input\":\"required name=search_term_string\"}],\"inLanguage\":\"es\"},{\"@type\":\"WebPage\",\"@id\":\"https:\/\/health.otg.global\/es\/s3biophotonic-scanner\/\",\"url\":\"https:\/\/health.otg.global\/es\/s3biophotonic-scanner\/\",\"name\":\"El BioPhotonic Scanner S3 - Wellness OTG\",\"isPartOf\":{\"@id\":\"http:\/\/34.235.57.152\/#website\"},\"datePublished\":\"2020-07-16T22:55:23+00:00\",\"dateModified\":\"2025-10-21T18:58:38+00:00\",\"breadcrumb\":{\"@id\":\"https:\/\/health.otg.global\/es\/s3biophotonic-scanner\/#breadcrumb\"},\"inLanguage\":\"es\",\"potentialAction\":[{\"@type\":\"ReadAction\",\"target\":[\"https:\/\/health.otg.global\/es\/s3biophotonic-scanner\/\"]}]},{\"@type\":\"BreadcrumbList\",\"@id\":\"https:\/\/health.otg.global\/es\/s3biophotonic-scanner\/#breadcrumb\",\"itemListElement\":[{\"@type\":\"ListItem\",\"position\":1,\"name\":\"Home\",\"item\":\"https:\/\/wellness.otg.global\/es\/\"},{\"@type\":\"ListItem\",\"position\":2,\"name\":\"El BioPhotonic Scanner S3\"}]}]}<\/script>\n<!-- \/ Yoast SEO plugin. -->","yoast_head_json":{"title":"El BioPhotonic Scanner S3 - Wellness OTG","robots":{"index":"index","follow":"follow","max-snippet":"max-snippet:-1","max-image-preview":"max-image-preview:large","max-video-preview":"max-video-preview:-1"},"canonical":"https:\/\/health.otg.global\/es\/s3biophotonic-scanner\/","og_locale":"es_ES","og_type":"article","og_title":"El BioPhotonic Scanner S3 - Wellness OTG","og_description":"[vc_row css=\u00bb.vc_custom_1595604797809{margin-bottom: 25px !important;}\u00bb][vc_column][vc_custom_heading text=\u00bb\u00bfQu\u00e9 es el BioPhotonic Scanner?\u00bb font_container=\u00bbtag:h3|text_align:left\u00bb use_theme_fonts=\u00bbyes\u00bb][\/vc_column][\/vc_row][vc_row css=\u00bb.vc_custom_1597073493195{margin-bottom: 30px !important;}\u00bb][vc_column width=\u00bb2\/3&#8243; css=\u00bb.vc_custom_1597072955233{margin-top: 25px !important;}\u00bb][vc_column_text]El BioPhotonic Scanner de Pharmanex es una herramienta \u00fanica que mide los niveles de carotenoides en el tejido cut\u00e1neo de un modo no invasivo, usando la reconocida ciencia de la Espectroscopia Raman. Simplemente colocando la palma de su [&hellip;]","og_url":"https:\/\/health.otg.global\/es\/s3biophotonic-scanner\/","og_site_name":"Wellness OTG","article_modified_time":"2025-10-21T18:58:38+00:00","og_image":[{"width":540,"height":284,"url":"https:\/\/health.otg.global\/wp-content\/uploads\/2020\/09\/fb-otg-logo-wellness.jpg","type":"image\/jpeg"}],"twitter_card":"summary_large_image","twitter_misc":{"Tiempo de lectura":"3 minutos"},"schema":{"@context":"https:\/\/schema.org","@graph":[{"@type":"WebSite","@id":"http:\/\/34.235.57.152\/#website","url":"http:\/\/34.235.57.152\/","name":"Wellness OTG","description":"","potentialAction":[{"@type":"SearchAction","target":{"@type":"EntryPoint","urlTemplate":"http:\/\/34.235.57.152\/?s={search_term_string}"},"query-input":"required name=search_term_string"}],"inLanguage":"es"},{"@type":"WebPage","@id":"https:\/\/health.otg.global\/es\/s3biophotonic-scanner\/","url":"https:\/\/health.otg.global\/es\/s3biophotonic-scanner\/","name":"El BioPhotonic Scanner S3 - Wellness OTG","isPartOf":{"@id":"http:\/\/34.235.57.152\/#website"},"datePublished":"2020-07-16T22:55:23+00:00","dateModified":"2025-10-21T18:58:38+00:00","breadcrumb":{"@id":"https:\/\/health.otg.global\/es\/s3biophotonic-scanner\/#breadcrumb"},"inLanguage":"es","potentialAction":[{"@type":"ReadAction","target":["https:\/\/health.otg.global\/es\/s3biophotonic-scanner\/"]}]},{"@type":"BreadcrumbList","@id":"https:\/\/health.otg.global\/es\/s3biophotonic-scanner\/#breadcrumb","itemListElement":[{"@type":"ListItem","position":1,"name":"Home","item":"https:\/\/wellness.otg.global\/es\/"},{"@type":"ListItem","position":2,"name":"El BioPhotonic Scanner S3"}]}]}},"_links":{"self":[{"href":"https:\/\/health.otg.global\/es\/wp-json\/wp\/v2\/pages\/1159"}],"collection":[{"href":"https:\/\/health.otg.global\/es\/wp-json\/wp\/v2\/pages"}],"about":[{"href":"https:\/\/health.otg.global\/es\/wp-json\/wp\/v2\/types\/page"}],"author":[{"embeddable":true,"href":"https:\/\/health.otg.global\/es\/wp-json\/wp\/v2\/users\/1"}],"replies":[{"embeddable":true,"href":"https:\/\/health.otg.global\/es\/wp-json\/wp\/v2\/comments?post=1159"}],"version-history":[{"count":5,"href":"https:\/\/health.otg.global\/es\/wp-json\/wp\/v2\/pages\/1159\/revisions"}],"predecessor-version":[{"id":4010,"href":"https:\/\/health.otg.global\/es\/wp-json\/wp\/v2\/pages\/1159\/revisions\/4010"}],"wp:attachment":[{"href":"https:\/\/health.otg.global\/es\/wp-json\/wp\/v2\/media?parent=1159"}],"curies":[{"name":"wp","href":"https:\/\/api.w.org\/{rel}","templated":true}]}}